{"id":3189,"date":"2024-08-23T10:06:37","date_gmt":"2024-08-23T08:06:37","guid":{"rendered":"https:\/\/auditoriumpalma.com\/avis-legal\/"},"modified":"2024-08-23T10:06:38","modified_gmt":"2024-08-23T08:06:38","slug":"avis-legal","status":"publish","type":"page","link":"https:\/\/pre.auditoriumpalma.com\/ca\/avis-legal\/","title":{"rendered":"Av\u00eds legal"},"content":{"rendered":"\t\t<div data-elementor-type=\"wp-page\" data-elementor-id=\"3189\" class=\"elementor elementor-3189 elementor-66\" data-elementor-post-type=\"page\">\n\t\t\t\t\t\t<section class=\"elementor-section elementor-top-section elementor-element elementor-element-c865eab elementor-section-boxed elementor-section-height-default elementor-section-height-default\" data-id=\"c865eab\" data-element_type=\"section\">\n\t\t\t\t\t\t<div class=\"elementor-container elementor-column-gap-default\">\n\t\t\t\t\t<div class=\"elementor-column elementor-col-100 elementor-top-column elementor-element elementor-element-51e702f\" data-id=\"51e702f\" data-element_type=\"column\">\n\t\t\t<div class=\"elementor-widget-wrap elementor-element-populated\">\n\t\t\t\t\t\t<div class=\"elementor-element elementor-element-6ce307e elementor-widget elementor-widget-text-editor\" data-id=\"6ce307e\" data-element_type=\"widget\" data-widget_type=\"text-editor.default\">\n\t\t\t\t<div class=\"elementor-widget-container\">\n\t\t\t\t\t\t\t\t\t<h1 style=\"margin-bottom: 7px; border: 0px; font-variant-numeric: inherit; font-variant-east-asian: inherit; font-weight: 600; font-stretch: inherit; font-size: 42px; line-height: 42px; font-family: Lovelo, sans-serif; vertical-align: baseline; color: #444444; letter-spacing: normal; -webkit-font-smoothing: antialiased; text-transform: none; background-color: #ffffff;\">Informaci\u00f3 legal<\/h1>\n<div>&nbsp;<\/div>\n<h4 style=\"margin-bottom: 7px; border: 0px; font-variant-numeric: inherit; font-variant-east-asian: inherit; font-weight: bold; font-stretch: inherit; font-size: 18px; line-height: 32px; font-family: Montserrat; vertical-align: baseline; color: #444444; letter-spacing: normal; -webkit-font-smoothing: antialiased; text-transform: none; background-color: #ffffff;\">TITULAR DE LA P\u00c0GINA WEB<\/h4>\n<p style=\"margin-bottom: 0px; padding-bottom: 27px; border: 0px; font-variant-numeric: inherit; font-variant-east-asian: inherit; font-stretch: inherit; font-size: 16px; line-height: inherit; font-family: Montserrat; vertical-align: baseline; -webkit-font-smoothing: antialiased; color: #676767; background-color: #ffffff;\"><span style=\"margin: 0px; padding: 0px; border: 0px; font-style: inherit; font-variant: inherit; font-weight: 600; font-stretch: inherit; font-size: inherit; line-height: inherit; vertical-align: baseline;\">Denominaci\u00f3 social:&nbsp;<\/span>Auditorium de Palma de Mallorca, S.L.<\/p>\n<p style=\"margin-bottom: 0px; padding-bottom: 27px; border: 0px; font-variant-numeric: inherit; font-variant-east-asian: inherit; font-stretch: inherit; font-size: 16px; line-height: inherit; font-family: Montserrat; vertical-align: baseline; -webkit-font-smoothing: antialiased; color: #676767; background-color: #ffffff;\"><span style=\"margin: 0px; padding: 0px; border: 0px; font-style: inherit; font-variant: inherit; font-weight: 600; font-stretch: inherit; font-size: inherit; line-height: inherit; vertical-align: baseline;\">NIF:&nbsp;<\/span>B72831308<\/p>\n<p style=\"margin-bottom: 0px; padding-bottom: 27px; border: 0px; font-variant-numeric: inherit; font-variant-east-asian: inherit; font-stretch: inherit; font-size: 16px; line-height: inherit; font-family: Montserrat; vertical-align: baseline; -webkit-font-smoothing: antialiased; color: #676767; background-color: #ffffff;\"><span style=\"margin: 0px; padding: 0px; border: 0px; font-style: inherit; font-variant: inherit; font-weight: 600; font-stretch: inherit; font-size: inherit; line-height: inherit; vertical-align: baseline;\">Domicili:<\/span>&nbsp;Calle Federico Garc\u00eda Lorca 1&nbsp; \u2013 07014 Palma de Mallorca \u2013 Baleares<\/p>\n<p style=\"margin-bottom: 0px; padding-bottom: 27px; border: 0px; font-variant-numeric: inherit; font-variant-east-asian: inherit; font-stretch: inherit; font-size: 16px; line-height: inherit; font-family: Montserrat; vertical-align: baseline; -webkit-font-smoothing: antialiased; color: #676767; background-color: #ffffff;\"><span style=\"margin: 0px; padding: 0px; border: 0px; font-style: inherit; font-variant: inherit; font-weight: 600; font-stretch: inherit; font-size: inherit; line-height: inherit; vertical-align: baseline;\">Adre\u00e7a de correu electr\u00f2nic:<\/span>&nbsp;info@auditoriumpalma.com<\/p>\n<p style=\"margin-bottom: 0px; padding-bottom: 27px; border: 0px; font-variant-numeric: inherit; font-variant-east-asian: inherit; font-stretch: inherit; font-size: 16px; line-height: inherit; font-family: Montserrat; vertical-align: baseline; -webkit-font-smoothing: antialiased; color: #676767; background-color: #ffffff;\"><span style=\"margin: 0px; padding: 0px; border: 0px; font-style: inherit; font-variant: inherit; font-weight: 600; font-stretch: inherit; font-size: inherit; line-height: inherit; vertical-align: baseline;\">Tel\u00e8fon:&nbsp;<\/span>971 735 328<\/p>\n<p style=\"margin-bottom: 0px; padding-bottom: 27px; border: 0px; font-variant-numeric: inherit; font-variant-east-asian: inherit; font-stretch: inherit; font-size: 16px; line-height: inherit; font-family: Montserrat; vertical-align: baseline; -webkit-font-smoothing: antialiased; color: #676767; background-color: #ffffff;\">Per&nbsp; a navegar en aquesta p\u00e0gina web com a visitant o per registrar-se i poder accedir als serveis oferts per &nbsp;<span style=\"margin: 0px; padding: 0px; border: 0px; font-style: inherit; font-variant: inherit; font-weight: 600; font-stretch: inherit; font-size: inherit; line-height: inherit; vertical-align: baseline;\">www.auditoriumpalma.com<\/span>, s&#8217;hauran d&#8217;acceptar les seg\u00fcents condicions:<\/p>\n<ol style=\"margin-bottom: 30px; margin-left: 30px; padding-left: 0px; border: 0px; font-variant-numeric: inherit; font-variant-east-asian: inherit; font-stretch: inherit; font-size: 16px; line-height: inherit; font-family: Montserrat; vertical-align: baseline; list-style: none; color: #676767; background-color: #ffffff;\">\n<li style=\"border: 0px; font: inherit; vertical-align: baseline; list-style: outside decimal;\">L&#8217;usuari i el navegant assumeixen aquestes condicions de servei.<\/li>\n<li style=\"border: 0px; font: inherit; vertical-align: baseline; list-style: outside decimal;\">Si l&#8217;usuari o el navegant no accepten aquestes condicions, no podran usar aquesta p\u00e0gina web, ni accedir als serveis que ofereix l&#8217;Auditorium de Palma.<\/li>\n<\/ol>\n<h3 style=\"margin-bottom: 7px; border: 0px; font-variant-numeric: inherit; font-variant-east-asian: inherit; font-weight: bold; font-stretch: inherit; font-size: 24px; line-height: 28px; font-family: Montserrat; vertical-align: baseline; color: #444444; letter-spacing: normal; -webkit-font-smoothing: antialiased; text-transform: none; background-color: #ffffff;\">1. \u00das de la p\u00e0gina web<\/h3>\n<ol style=\"margin-bottom: 30px; margin-left: 30px; padding-left: 0px; border: 0px; font-variant-numeric: inherit; font-variant-east-asian: inherit; font-stretch: inherit; font-size: 16px; line-height: inherit; font-family: Montserrat; vertical-align: baseline; list-style: none; color: #676767; background-color: #ffffff;\">\n<li style=\"border: 0px; font: inherit; vertical-align: baseline; list-style: outside decimal;\">La utilitzaci\u00f3 d&#8217;aquesta Web li atribueix la condici\u00f3 d0usuari de la mateixa des de l&#8217;acc\u00e9s i inici de la&nbsp; navegaci\u00f3 per aquesta. Des del moment d&#8217;acc\u00e9s a qualsevol dels seus continguts l&#8217;usuari accepta de manera expressa les presents condicions generals. L&#8217;&nbsp; usuari accepta les condicions particulars aplicables dels diferents serveix que ofereix l&#8217;entitat en la web a la qual accedeix.  <\/li>\n<li style=\"border: 0px; font: inherit; vertical-align: baseline; list-style: outside decimal;\">A trav\u00e9s de la p\u00e0gina web, Auditorium de Palma facilita als Usuaris l&#8217;acc\u00e9s i la utilitzaci\u00f3 de diversa informaci\u00f3 i serveis.<\/li>\n<li style=\"border: 0px; font: inherit; vertical-align: baseline; list-style: outside decimal;\">La p\u00e0gina web t\u00e9 car\u00e0cter gratu\u00eft per als Usuaris. L&#8217;Usuari es compromet a utilitzar la p\u00e0gina web de conformitat amb la Llei, amb les disposicions d&#8217;aquestes Condicions Generals, aix\u00ed com amb la moral i&nbsp; bons costums generalment acceptades i l&#8217;ordre p\u00fablic. <\/li>\n<li style=\"border: 0px; font: inherit; vertical-align: baseline; list-style: outside decimal;\">Amb car\u00e0cter general per a la prestaci\u00f3 dels serveis i l&#8217;acc\u00e9s a la informaci\u00f3 de la p\u00e0gina web no s&#8217;exigeix la pr\u00e8via subscripci\u00f3 o registre dels Usuaris. No obstant aix\u00f2, Auditorium de Palma condiciona la utilitzaci\u00f3 d&#8217;alguns dels Serveis al&nbsp; previ emplenament del corresponent registre o formulari de recollida de deades de l&#8217;Usuari. El citat registre s&#8217;efectuar\u00e0 en la forma expressament indicada en&nbsp; el propi servei o en les Condicions Particulars que, si \u00e9s el cas, regulin.  <\/li>\n<li style=\"border: 0px; font: inherit; vertical-align: baseline; list-style: outside decimal;\">L&#8217;usuari s&#8217;obliga des de l&#8217;acceptaci\u00f3 a realitzar un \u00fas de la p\u00e0gina web els continguts i els seus serveis de conformitat amb la llei, els bons costums i l&#8217;ordre p\u00fablic, emprant la dilig\u00e8ncia adequada a la naturalesa del servei del qual gaudeix a trav\u00e9s de la p\u00e0gina web auditoriumpalma.com.<\/li>\n<\/ol>\n<h4 style=\"margin-bottom: 7px; border: 0px; font-variant-numeric: inherit; font-variant-east-asian: inherit; font-weight: bold; font-stretch: inherit; font-size: 18px; line-height: 32px; font-family: Montserrat; vertical-align: baseline; color: #444444; letter-spacing: normal; -webkit-font-smoothing: antialiased; text-transform: none; background-color: #ffffff;\">Modificacions sobre les condicions<\/h4>\n<p style=\"margin-bottom: 0px; padding-bottom: 27px; border: 0px; font-variant-numeric: inherit; font-variant-east-asian: inherit; font-stretch: inherit; font-size: 16px; line-height: inherit; font-family: Montserrat; vertical-align: baseline; -webkit-font-smoothing: antialiased; color: #676767; background-color: #ffffff;\">L&#8217;entitat es reserva el dret a modificar, unilateralment, en qualsevol moment i sense&nbsp; previ av\u00eds les presents condicions. En aquest casos es procedir\u00e0 a la seva publicaci\u00f3 i av\u00eds amb la m\u00e0xima antelaci\u00f3 possible. D&#8217;igual mode, es reserva el dret a&nbsp; modificar, unilateralment, en qualsevol moment i sense previ av\u00eds, la presentaci\u00f3 i configuraci\u00f3 de la Web.  <\/p>\n<h4 style=\"margin-bottom: 7px; border: 0px; font-variant-numeric: inherit; font-variant-east-asian: inherit; font-weight: bold; font-stretch: inherit; font-size: 18px; line-height: 32px; font-family: Montserrat; vertical-align: baseline; color: #444444; letter-spacing: normal; -webkit-font-smoothing: antialiased; text-transform: none; background-color: #ffffff;\">Propietat Intel\u00b7lectual<\/h4>\n<p style=\"margin-bottom: 0px; padding-bottom: 27px; border: 0px; font-variant-numeric: inherit; font-variant-east-asian: inherit; font-stretch: inherit; font-size: 16px; line-height: inherit; font-family: Montserrat; vertical-align: baseline; -webkit-font-smoothing: antialiased; color: #676767; background-color: #ffffff;\">Tots els continguts de la p\u00e0gina Web s\u00f3n titularitat exclusiva de l&#8217;entitat i, amb car\u00e0cter enunciatiu, que no limitatiu, el disseny gr\u00e0fic, codi font, logos,&nbsp; textos, gr\u00e0fics, il\u00b7lustracions, fotografies, i altres elements que apareixen en la p\u00e0gina web. Aix\u00ed mateix els noms comercials, marques o signes distintius de&nbsp; qualsevol classe continguts en la p\u00e0gina Web estan protegits per la Llei de propietat intel\u00b7lectual i industrial. Correspon a l&#8217;entitat l&#8217;exercici exclusiu dels &nbsp;drets d&#8217;explotaci\u00f3 de la propietat intel\u00b7lectual esmentada, en qualsevol forma i, especialment, els drets de reproducci\u00f3, distribuci\u00f3, comunicaci\u00f3 p\u00fablica. &nbsp;El &nbsp;usuari t\u00e9 prohibit qualsevol \u00fas no consentit total o parcial de qualsevol dels continguts de la p\u00e0gina web que integren els drets de propietat intel\u00b7lectual o &nbsp;industrial de l&#8217;entitat sobre la p\u00e0gina i\/o els seus continguts.  <\/p>\n<p style=\"margin-bottom: 0px; padding-bottom: 27px; border: 0px; font-variant-numeric: inherit; font-variant-east-asian: inherit; font-stretch: inherit; font-size: 16px; line-height: inherit; font-family: Montserrat; vertical-align: baseline; -webkit-font-smoothing: antialiased; color: #676767; background-color: #ffffff;\">L&#8217;entitat es reserva el dret a realitzar qualsevol tipus d&#8217;acci\u00f3 legal&nbsp; contra qualsevol usuari que realitzi&nbsp; una acci\u00f3 que impliqui reproducci\u00f3, distribuci\u00f3, comercialitzaci\u00f3, transformaci\u00f3 i, en general, qualsevol altra forma d&#8217;explotaci\u00f3, per qualsevol procediment, de&nbsp; tot o part dels continguts de la p\u00e0gina Web i que constitueixi una infracci\u00f3 dels drets de propietat intel\u00b7lectual i\/o industrial d&#8217;aquesta.<\/p>\n<h4 style=\"margin-bottom: 7px; border: 0px; font-variant-numeric: inherit; font-variant-east-asian: inherit; font-weight: bold; font-stretch: inherit; font-size: 18px; line-height: 32px; font-family: Montserrat; vertical-align: baseline; color: #444444; letter-spacing: normal; -webkit-font-smoothing: antialiased; text-transform: none; background-color: #ffffff;\">Notificacions<\/h4>\n<p style=\"margin-bottom: 0px; padding-bottom: 27px; border: 0px; font-variant-numeric: inherit; font-variant-east-asian: inherit; font-stretch: inherit; font-size: 16px; line-height: inherit; font-family: Montserrat; vertical-align: baseline; -webkit-font-smoothing: antialiased; color: #676767; background-color: #ffffff;\">A l&#8217;efecte de les presents Condicions Generals, i per a qualsevol comunicaci\u00f3 que sigui precisa entre l&#8217;Entitat i l&#8217;Usuari, aquests&nbsp; hauran de dirigir-se mitjan\u00e7ant el correu electr\u00f2nic info@auditoriumpalma.com. Les comunicacions de l&#8217;Entitat a l&#8217;Usuari es realitzaran conforme a las dades aportades por aquest al&nbsp; registrar-se en la p\u00e0gina web www.auditoriumpalma.com <\/p>\n<p style=\"margin-bottom: 0px; padding-bottom: 27px; border: 0px; font-variant-numeric: inherit; font-variant-east-asian: inherit; font-stretch: inherit; font-size: 16px; line-height: inherit; font-family: Montserrat; vertical-align: baseline; -webkit-font-smoothing: antialiased; color: #676767; background-color: #ffffff;\">L&#8217;Usuari accepta expressament i per a totes les comunicacions relacionades amb la utilitzaci\u00f3 de la p\u00e0gina web i\/o la&nbsp; contractaci\u00f3 dels serveis en ell oferts, la utilitzaci\u00f3 del correu electr\u00f2nic com a procediment v\u00e0lid per a la remissi\u00f3 d&#8217;aquestes comunicacions.<\/p>\n<h3 style=\"margin-bottom: 7px; border: 0px; font-variant-numeric: inherit; font-variant-east-asian: inherit; font-weight: bold; font-stretch: inherit; font-size: 24px; line-height: 28px; font-family: Montserrat; vertical-align: baseline; color: #444444; letter-spacing: normal; -webkit-font-smoothing: antialiased; text-transform: none; background-color: #ffffff;\">2. Xarxes socials<\/h3>\n<p style=\"margin-bottom: 0px; padding-bottom: 27px; border: 0px; font-variant-numeric: inherit; font-variant-east-asian: inherit; font-stretch: inherit; font-size: 16px; line-height: inherit; font-family: Montserrat; vertical-align: baseline; -webkit-font-smoothing: antialiased; color: #676767; background-color: #ffffff;\">Auditoriumpalma.com compta amb perfils en xarxes socials d&#8217;Internet, reconeixent-se en tots els casos responsable del tractament de les dades dels seus seguidors, fans, subscriptors, comentaristes i altres perfils d&#8217;usuaris (d&#8217;ara endavant, seguidors). El tractament que es dur\u00e0 a terme amb aquestes dades ser\u00e0, com a m\u00e0xim, el que la xarxa social permeti als perfils corporatius. Aix\u00ed doncs, auditoriumpalma.com podr\u00e0 informar els seus seguidors per qualsevol via que la xarxa social permeti sobre les seves activitats, ofertes, aix\u00ed com prestar servei personalitzat d&#8217;atenci\u00f3 al client. En cap cas auditoriumpalma.com extraur\u00e0 dades de les xarxes socials, tret que s&#8217;obtingu\u00e9s puntual i expressament el consentiment de l&#8217;usuari per a aix\u00f2.   <\/p>\n<h3 style=\"margin-bottom: 7px; border: 0px; font-variant-numeric: inherit; font-variant-east-asian: inherit; font-weight: bold; font-stretch: inherit; font-size: 24px; line-height: 28px; font-family: Montserrat; vertical-align: baseline; color: #444444; letter-spacing: normal; -webkit-font-smoothing: antialiased; text-transform: none; background-color: #ffffff;\">3. Enlla\u00e7os<\/h3>\n<p style=\"margin-bottom: 0px; padding-bottom: 27px; border: 0px; font-variant-numeric: inherit; font-variant-east-asian: inherit; font-stretch: inherit; font-size: 16px; line-height: inherit; font-family: Montserrat; vertical-align: baseline; -webkit-font-smoothing: antialiased; color: #676767; background-color: #ffffff;\">El Lloc Web podr\u00e0 contenir enlla\u00e7os a o des d&#8217;altres llocs web i per tant, auditoriumpalma.com no es responsabilitza de les pr\u00e0ctiques que, en mat\u00e8ria de tractament de dades personals, segueixen altres llocs web. La present Pol\u00edtica sobre tractament de Dades Personales \u00e9s aplicable solament a la informaci\u00f3 que recaptem en el Lloc Web. <\/p>\n<h3 style=\"margin-bottom: 7px; border: 0px; font-variant-numeric: inherit; font-variant-east-asian: inherit; font-weight: bold; font-stretch: inherit; font-size: 24px; line-height: 28px; font-family: Montserrat; vertical-align: baseline; color: #444444; letter-spacing: normal; -webkit-font-smoothing: antialiased; text-transform: none; background-color: #ffffff;\">4. Navegaci\u00f3 web (cookies)<\/h3>\n<p style=\"margin-bottom: 0px; padding-bottom: 27px; border: 0px; font-variant-numeric: inherit; font-variant-east-asian: inherit; font-stretch: inherit; font-size: 16px; line-height: inherit; font-family: Montserrat; vertical-align: baseline; -webkit-font-smoothing: antialiased; color: #676767; background-color: #ffffff;\">Les cookies s\u00f3n fitxers creats en el navegador de l&#8217;usuari per a registrar la seva activitat en el Lloc Web i permetre-li una navegaci\u00f3 m\u00e9s fluida i personalitzada. El Lloc Web disposa d&#8217;una p\u00e0gina d&#8217;informaci\u00f3 sobre les cookies que pot consultar. &nbsp;<a style=\"margin: 0px; padding: 0px; border: 0px; font: inherit; vertical-align: baseline; color: #fa255e; transition: color 0.2s ease 0s;\" href=\"https:\/\/auditoriumpalma.com\/es\/politica-de-cookies\/\">aqu\u00ed<\/a>.<\/p>\t\t\t\t\t\t\t\t<\/div>\n\t\t\t\t<\/div>\n\t\t\t\t\t<\/div>\n\t\t<\/div>\n\t\t\t\t\t<\/div>\n\t\t<\/section>\n\t\t\t\t<\/div>\n\t\t","protected":false},"excerpt":{"rendered":"<p>Informaci\u00f3 legal &nbsp; TITULAR DE LA P\u00c0GINA WEB Denominaci\u00f3 social:&nbsp;Auditorium de Palma de Mallorca, S.L. NIF:&nbsp;B72831308 Domicili:&nbsp;Calle Federico Garc\u00eda Lorca 1&nbsp; \u2013 07014 Palma de Mallorca \u2013 Baleares Adre\u00e7a de correu electr\u00f2nic:&nbsp;info@auditoriumpalma.com Tel\u00e8fon:&nbsp;971 735 328 Per&nbsp; a navegar en aquesta p\u00e0gina web com a visitant o per registrar-se i poder accedir als serveis oferts per&hellip;&nbsp;<a href=\"https:\/\/pre.auditoriumpalma.com\/ca\/avis-legal\/\" class=\"\" rel=\"bookmark\">Read More &raquo;<span class=\"screen-reader-text\">Av\u00eds legal<\/span><\/a><\/p>\n","protected":false},"author":1,"featured_media":0,"parent":0,"menu_order":0,"comment_status":"closed","ping_status":"closed","template":"page-templates\/template-pagebuilder-full-width.php","meta":{"_acf_changed":false,"neve_meta_sidebar":"","neve_meta_container":"","neve_meta_enable_content_width":"","neve_meta_content_width":0,"neve_meta_title_alignment":"","neve_meta_author_avatar":"","neve_post_elements_order":"","neve_meta_disable_header":"","neve_meta_disable_footer":"","neve_meta_disable_title":"","footnotes":""},"class_list":["post-3189","page","type-page","status-publish","hentry"],"acf":[],"_links":{"self":[{"href":"https:\/\/pre.auditoriumpalma.com\/ca\/wp-json\/wp\/v2\/pages\/3189","targetHints":{"allow":["GET"]}}],"collection":[{"href":"https:\/\/pre.auditoriumpalma.com\/ca\/wp-json\/wp\/v2\/pages"}],"about":[{"href":"https:\/\/pre.auditoriumpalma.com\/ca\/wp-json\/wp\/v2\/types\/page"}],"author":[{"embeddable":true,"href":"https:\/\/pre.auditoriumpalma.com\/ca\/wp-json\/wp\/v2\/users\/1"}],"replies":[{"embeddable":true,"href":"https:\/\/pre.auditoriumpalma.com\/ca\/wp-json\/wp\/v2\/comments?post=3189"}],"version-history":[{"count":1,"href":"https:\/\/pre.auditoriumpalma.com\/ca\/wp-json\/wp\/v2\/pages\/3189\/revisions"}],"predecessor-version":[{"id":3190,"href":"https:\/\/pre.auditoriumpalma.com\/ca\/wp-json\/wp\/v2\/pages\/3189\/revisions\/3190"}],"wp:attachment":[{"href":"https:\/\/pre.auditoriumpalma.com\/ca\/wp-json\/wp\/v2\/media?parent=3189"}],"curies":[{"name":"wp","href":"https:\/\/api.w.org\/{rel}","templated":true}]}}