{"id":3238,"date":"2024-08-29T17:08:36","date_gmt":"2024-08-29T15:08:36","guid":{"rendered":"https:\/\/auditoriumpalma.com\/politica-de-cookies\/"},"modified":"2024-08-29T17:08:37","modified_gmt":"2024-08-29T15:08:37","slug":"politica-de-cookies","status":"publish","type":"page","link":"https:\/\/pre.auditoriumpalma.com\/ca\/politica-de-cookies\/","title":{"rendered":"Pol\u00edtica de cookies"},"content":{"rendered":"\t\t<div data-elementor-type=\"wp-page\" data-elementor-id=\"3238\" class=\"elementor elementor-3238 elementor-68\" data-elementor-post-type=\"page\">\n\t\t\t\t\t\t<section class=\"elementor-section elementor-top-section elementor-element elementor-element-d6f95dd elementor-section-boxed elementor-section-height-default elementor-section-height-default\" data-id=\"d6f95dd\" data-element_type=\"section\">\n\t\t\t\t\t\t<div class=\"elementor-container elementor-column-gap-default\">\n\t\t\t\t\t<div class=\"elementor-column elementor-col-100 elementor-top-column elementor-element elementor-element-4dfa7f3\" data-id=\"4dfa7f3\" data-element_type=\"column\">\n\t\t\t<div class=\"elementor-widget-wrap elementor-element-populated\">\n\t\t\t\t\t\t<div class=\"elementor-element elementor-element-6dde39e elementor-widget elementor-widget-text-editor\" data-id=\"6dde39e\" data-element_type=\"widget\" data-widget_type=\"text-editor.default\">\n\t\t\t\t<div class=\"elementor-widget-container\">\n\t\t\t\t\t\t\t\t\t<h1 style=\"margin-bottom: 7px; border: 0px; font-variant-numeric: inherit; font-variant-east-asian: inherit; font-weight: 600; font-stretch: inherit; font-size: 42px; line-height: 42px; font-family: Lovelo, sans-serif; vertical-align: baseline; color: #444444; letter-spacing: normal; -webkit-font-smoothing: antialiased; text-transform: none; background-color: #ffffff;\">Pol\u00edtica de cookies<\/h1>\n<p style=\"margin-bottom: 0px; padding-bottom: 27px; border: 0px; font-variant-numeric: inherit; font-variant-east-asian: inherit; font-stretch: inherit; font-size: 16px; line-height: inherit; font-family: Montserrat; vertical-align: baseline; -webkit-font-smoothing: antialiased; color: #676767; background-color: #ffffff;\">Una <em style=\"margin: 0px; padding: 0px; border: 0px; font-variant: inherit; font-weight: inherit; font-stretch: inherit; font-size: inherit; line-height: inherit; font-family: inherit; vertical-align: baseline;\">cookie<\/em> \u00e9s un petit fitxer de text que s&#8217;emmagatzema en el seu navegador quan visita gairb\u00e9 qualsevol p\u00e0gina web. La seva utilitat \u00e9s que la web sigui capa\u00e7 de recordar la seva visita quan torni a navegar per aquesta p\u00e0gina. Les <em style=\"margin: 0px; padding: 0px; border: 0px; font-variant: inherit; font-weight: inherit; font-stretch: inherit; font-size: inherit; line-height: inherit; font-family: inherit; vertical-align: baseline;\">cookies <\/em>solen emmagatzemar informaci\u00f3 de car\u00e0cter t\u00e8cnic, prefer\u00e8ncies personals, personalitzaci\u00f3 de continguts, estad\u00edstiques d&#8217;\u00fas, enlla\u00e7os a xarxes socials, acc\u00e9s a comptes d&#8217;usuari, etc. L&#8217;objectiu de la <em style=\"margin: 0px; padding: 0px; border: 0px; font-variant: inherit; font-weight: inherit; font-stretch: inherit; font-size: inherit; line-height: inherit; font-family: inherit; vertical-align: baseline;\">cookie <\/em>\u00e9s adaptar el contingut de la web al seu perfil i necessitats, sense <em style=\"margin: 0px; padding: 0px; border: 0px; font-variant: inherit; font-weight: inherit; font-stretch: inherit; font-size: inherit; line-height: inherit; font-family: inherit; vertical-align: baseline;\">cookies<\/em> els serveis oferts per qualsevol p\u00e0gina es veurien minvats notablemente.   <\/p>\n<h2 style=\"margin-bottom: 7px; border: 0px; font-variant-numeric: inherit; font-variant-east-asian: inherit; font-weight: bold; font-stretch: inherit; font-size: 34px; line-height: 44px; font-family: Montserrat; vertical-align: baseline; color: #444444; letter-spacing: normal; -webkit-font-smoothing: antialiased; text-transform: none; background-color: #ffffff;\">Cookies utilitzades en aquest lloc web<\/h2>\n<p style=\"margin-bottom: 0px; padding-bottom: 27px; border: 0px; font-variant-numeric: inherit; font-variant-east-asian: inherit; font-stretch: inherit; font-size: 16px; line-height: inherit; font-family: Montserrat; vertical-align: baseline; -webkit-font-smoothing: antialiased; color: #676767; background-color: #ffffff;\">Seguint les directrius de l&#8217;Ag\u00e8ncia Espanyola de Protecci\u00f3 de Dades procedim a detallar l&#8217;\u00fas de <em style=\"margin: 0px; padding: 0px; border: 0px; font-variant: inherit; font-weight: inherit; font-stretch: inherit; font-size: inherit; line-height: inherit; font-family: inherit; vertical-align: baseline;\">cookies <\/em>que fa aquesta web amb la finalitat d&#8217;informar-lo amb la m\u00e0xima exactitud possible.<\/p>\n<p style=\"margin-bottom: 0px; padding-bottom: 27px; border: 0px; font-variant-numeric: inherit; font-variant-east-asian: inherit; font-stretch: inherit; font-size: 16px; line-height: inherit; font-family: Montserrat; vertical-align: baseline; -webkit-font-smoothing: antialiased; color: #676767; background-color: #ffffff;\">Aquest lloc web utilitza les seg\u00fcents <span style=\"margin: 0px; padding: 0px; border: 0px; font-style: inherit; font-variant: inherit; font-weight: 600; font-stretch: inherit; font-size: inherit; line-height: inherit; vertical-align: baseline;\">cookies pr\u00f2pies<\/span>:<\/p>\n<ul style=\"margin-bottom: 30px; margin-left: 30px; padding-left: 0px; border: 0px; font-variant-numeric: inherit; font-variant-east-asian: inherit; font-stretch: inherit; font-size: 16px; line-height: inherit; font-family: Montserrat; vertical-align: baseline; list-style: none; color: #676767; background-color: #ffffff;\">\n<li style=\"border: 0px; font: inherit; vertical-align: baseline; list-style: outside disc;\">Cookies de sessi\u00f3, per a garantir que els usuaris que escriguin comentaris en el blog siguin humans i no aplicacions automatitzades. D&#8217;aquesta manera es combat el <em style=\"margin: 0px; padding: 0px; border: 0px; font-variant: inherit; font-weight: inherit; font-stretch: inherit; font-size: inherit; line-height: inherit; font-family: inherit; vertical-align: baseline;\">spam<\/em>. <\/li>\n<\/ul>\n<p style=\"margin-bottom: 0px; padding-bottom: 27px; border: 0px; font-variant-numeric: inherit; font-variant-east-asian: inherit; font-stretch: inherit; font-size: 16px; line-height: inherit; font-family: Montserrat; vertical-align: baseline; -webkit-font-smoothing: antialiased; color: #676767; background-color: #ffffff;\">Aquest lloc web utilitza les seg\u00fcents <span style=\"margin: 0px; padding: 0px; border: 0px; font-style: inherit; font-variant: inherit; font-weight: 600; font-stretch: inherit; font-size: inherit; line-height: inherit; vertical-align: baseline;\">cookies de tercers<\/span>:<\/p>\n<ul style=\"margin-bottom: 30px; margin-left: 30px; padding-left: 0px; border: 0px; font-variant-numeric: inherit; font-variant-east-asian: inherit; font-stretch: inherit; font-size: 16px; line-height: inherit; font-family: Montserrat; vertical-align: baseline; list-style: none; color: #676767; background-color: #ffffff;\">\n<li style=\"border: 0px; font: inherit; vertical-align: baseline; list-style: outside disc;\">Google Analytics: Emmagatzema <em style=\"margin: 0px; padding: 0px; border: 0px; font-variant: inherit; font-weight: inherit; font-stretch: inherit; font-size: inherit; line-height: inherit; font-family: inherit; vertical-align: baseline;\">cookies <\/em>per a poder elaborar estad\u00edstiques sobre el tr\u00e0nsit i volum de visites d&#8217;aquesta web. En utilitzar aquest lloc web est\u00e0 consentint el tractament d&#8217;informaci\u00f3 sobre vost\u00e8 per Google. Per tant, l&#8217;exercici de qualsevol dret en aquest sentit haur&#8217;a de fer-lo comunicant directament amb Google.  <\/li>\n<li style=\"border: 0px; font: inherit; vertical-align: baseline; list-style: outside disc;\">Xarxes socials: Cada xarxa social utilitza les seves pr\u00f2pies <em style=\"margin: 0px; padding: 0px; border: 0px; font-variant: inherit; font-weight: inherit; font-stretch: inherit; font-size: inherit; line-height: inherit; font-family: inherit; vertical-align: baseline;\">cookies <\/em>perqu\u00e8 vost\u00e8 pugui punxar en botons del tipus <em style=\"margin: 0px; padding: 0px; border: 0px; font-variant: inherit; font-weight: inherit; font-stretch: inherit; font-size: inherit; line-height: inherit; font-family: inherit; vertical-align: baseline;\">M&#8217;agrada<\/em> o <em style=\"margin: 0px; padding: 0px; border: 0px; font-variant: inherit; font-weight: inherit; font-stretch: inherit; font-size: inherit; line-height: inherit; font-family: inherit; vertical-align: baseline;\">Compartir<\/em>.<\/li>\n<\/ul>\n<h2 style=\"margin-bottom: 7px; border: 0px; font-variant-numeric: inherit; font-variant-east-asian: inherit; font-weight: bold; font-stretch: inherit; font-size: 34px; line-height: 44px; font-family: Montserrat; vertical-align: baseline; color: #444444; letter-spacing: normal; -webkit-font-smoothing: antialiased; text-transform: none; background-color: #ffffff;\">Desactivaci\u00f3 o eliminaci\u00f3 de cookies<\/h2>\n<p style=\"margin-bottom: 0px; padding-bottom: 27px; border: 0px; font-variant-numeric: inherit; font-variant-east-asian: inherit; font-stretch: inherit; font-size: 16px; line-height: inherit; font-family: Montserrat; vertical-align: baseline; -webkit-font-smoothing: antialiased; color: #676767; background-color: #ffffff;\">En cualquier momento podr\u00e1 ejercer su derecho de desactivaci\u00f3n o eliminaci\u00f3n de cookies de este sitio web. Estas acciones se realizan de forma diferente en funci\u00f3n del navegador que est\u00e9 usando. <\/p>\n<h2 style=\"margin-bottom: 7px; border: 0px; font-variant-numeric: inherit; font-variant-east-asian: inherit; font-weight: bold; font-stretch: inherit; font-size: 34px; line-height: 44px; font-family: Montserrat; vertical-align: baseline; color: #444444; letter-spacing: normal; -webkit-font-smoothing: antialiased; text-transform: none; background-color: #ffffff;\">Notes addicionals<\/h2>\n<ul style=\"margin-bottom: 30px; margin-left: 30px; padding-left: 0px; border: 0px; font-variant-numeric: inherit; font-variant-east-asian: inherit; font-stretch: inherit; font-size: 16px; line-height: inherit; font-family: Montserrat; vertical-align: baseline; list-style: none; color: #676767; background-color: #ffffff;\">\n<li style=\"border: 0px; font: inherit; vertical-align: baseline; list-style: outside disc;\">Ni aquesta web ni els seus representants legals es fan responsables ni del contingut ni de la veracitat de les pol\u00edtiques de privacitat que puguin tenir els tercers esmentats en aquesta pol\u00edtica de <em style=\"margin: 0px; padding: 0px; border: 0px; font-variant: inherit; font-weight: inherit; font-stretch: inherit; font-size: inherit; line-height: inherit; font-family: inherit; vertical-align: baseline;\">cookies<\/em>.<\/li>\n<li style=\"border: 0px; font: inherit; vertical-align: baseline; list-style: outside disc;\">Els navegadors web s\u00f3n les eines encarregades d&#8217;emmagatzemar les <em style=\"margin: 0px; padding: 0px; border: 0px; font-variant: inherit; font-weight: inherit; font-stretch: inherit; font-size: inherit; line-height: inherit; font-family: inherit; vertical-align: baseline;\">cookies <\/em>i des d&#8217;aquest lloc ha d&#8217;efectuar el seu dret a eliminaci\u00f3 o desactivaci\u00f3 d&#8217;aquestes. Ni aquesta web ni els seus representants legals poden garantir la correcta o incorrecta manipulaci\u00f3 de las <em style=\"margin: 0px; padding: 0px; border: 0px; font-variant: inherit; font-weight: inherit; font-stretch: inherit; font-size: inherit; line-height: inherit; font-family: inherit; vertical-align: baseline;\">cookies <\/em>per part dels esmentats navegadors. <\/li>\n<li style=\"border: 0px; font: inherit; vertical-align: baseline; list-style: outside disc;\">En alguns casos \u00e9s necessari instal\u00b7lar <em style=\"margin: 0px; padding: 0px; border: 0px; font-variant: inherit; font-weight: inherit; font-stretch: inherit; font-size: inherit; line-height: inherit; font-family: inherit; vertical-align: baseline;\">cookies <\/em>perqu\u00e8 el navegador no oblidi la seva decisi\u00f3 de no acceptaci\u00f3 d&#8217;aquestes.<\/li>\n<li style=\"border: 0px; font: inherit; vertical-align: baseline; list-style: outside disc;\">En el cas de les <em style=\"margin: 0px; padding: 0px; border: 0px; font-variant: inherit; font-weight: inherit; font-stretch: inherit; font-size: inherit; line-height: inherit; font-family: inherit; vertical-align: baseline;\">cookies <\/em>de Google Analytics, aquesta empresa emmagatzema les <em style=\"margin: 0px; padding: 0px; border: 0px; font-variant: inherit; font-weight: inherit; font-stretch: inherit; font-size: inherit; line-height: inherit; font-family: inherit; vertical-align: baseline;\">cookies <\/em>en servidors situats als Estats Units i es compromet a no compartir-la amb tercers, excepte en els casos en els quals sigui necessari per al funcionament del sistema o quan la llei obligui a aquest efecte. Segons Google no guarda la seva adre\u00e7a IP. Google Inc. \u00e9s una companyia adherida a l&#8217;Acord de Port Segur que garanteix que totes les dades transferides seran tractats amb un nivell de protecci\u00f3 concorde a la normativa europea. Si desitja informaci\u00f3 sobre l&#8217;\u00fas que Google dona a les cookies <a style=\"margin: 0px; padding: 0px; border: 0px; font: inherit; vertical-align: baseline; color: #fa255e; transition: color 0.2s ease 0s;\" href=\"https:\/\/developers.google.com\/analytics\/devguides\/collection\/analyticsjs\/cookie-usage?hl=es&amp;csw=1\" target=\"_blank\" rel=\"noopener\">li adjuntem aquest enlla\u00e7<\/a>.    <\/li>\n<li style=\"border: 0px; font: inherit; vertical-align: baseline; list-style: outside disc;\">Per a qualsevol dubte o consulta sobre aquesta pol\u00edtica de <em style=\"margin: 0px; padding: 0px; border: 0px; font-variant: inherit; font-weight: inherit; font-stretch: inherit; font-size: inherit; line-height: inherit; font-family: inherit; vertical-align: baseline;\">cookies <\/em>no dubti a comunicar-se amb nosaltres a trav\u00e9s de la secci\u00f3 de contacte.<\/li>\n<\/ul>\n\t\t\t\t\t\t\t\t<\/div>\n\t\t\t\t<\/div>\n\t\t\t\t\t<\/div>\n\t\t<\/div>\n\t\t\t\t\t<\/div>\n\t\t<\/section>\n\t\t\t\t<\/div>\n\t\t","protected":false},"excerpt":{"rendered":"<p>Pol\u00edtica de cookies Una cookie \u00e9s un petit fitxer de text que s&#8217;emmagatzema en el seu navegador quan visita gairb\u00e9 qualsevol p\u00e0gina web. La seva utilitat \u00e9s que la web sigui capa\u00e7 de recordar la seva visita quan torni a navegar per aquesta p\u00e0gina. Les cookies solen emmagatzemar informaci\u00f3 de car\u00e0cter t\u00e8cnic, prefer\u00e8ncies personals, personalitzaci\u00f3&hellip;&nbsp;<a href=\"https:\/\/pre.auditoriumpalma.com\/ca\/politica-de-cookies\/\" class=\"\" rel=\"bookmark\">Read More &raquo;<span class=\"screen-reader-text\">Pol\u00edtica de cookies<\/span><\/a><\/p>\n","protected":false},"author":1,"featured_media":0,"parent":0,"menu_order":0,"comment_status":"closed","ping_status":"closed","template":"page-templates\/template-pagebuilder-full-width.php","meta":{"_acf_changed":false,"neve_meta_sidebar":"","neve_meta_container":"","neve_meta_enable_content_width":"","neve_meta_content_width":0,"neve_meta_title_alignment":"","neve_meta_author_avatar":"","neve_post_elements_order":"","neve_meta_disable_header":"","neve_meta_disable_footer":"","neve_meta_disable_title":"","footnotes":""},"class_list":["post-3238","page","type-page","status-publish","hentry"],"acf":[],"_links":{"self":[{"href":"https:\/\/pre.auditoriumpalma.com\/ca\/wp-json\/wp\/v2\/pages\/3238","targetHints":{"allow":["GET"]}}],"collection":[{"href":"https:\/\/pre.auditoriumpalma.com\/ca\/wp-json\/wp\/v2\/pages"}],"about":[{"href":"https:\/\/pre.auditoriumpalma.com\/ca\/wp-json\/wp\/v2\/types\/page"}],"author":[{"embeddable":true,"href":"https:\/\/pre.auditoriumpalma.com\/ca\/wp-json\/wp\/v2\/users\/1"}],"replies":[{"embeddable":true,"href":"https:\/\/pre.auditoriumpalma.com\/ca\/wp-json\/wp\/v2\/comments?post=3238"}],"version-history":[{"count":1,"href":"https:\/\/pre.auditoriumpalma.com\/ca\/wp-json\/wp\/v2\/pages\/3238\/revisions"}],"predecessor-version":[{"id":3239,"href":"https:\/\/pre.auditoriumpalma.com\/ca\/wp-json\/wp\/v2\/pages\/3238\/revisions\/3239"}],"wp:attachment":[{"href":"https:\/\/pre.auditoriumpalma.com\/ca\/wp-json\/wp\/v2\/media?parent=3238"}],"curies":[{"name":"wp","href":"https:\/\/api.w.org\/{rel}","templated":true}]}}