{"id":3240,"date":"2024-08-29T17:38:03","date_gmt":"2024-08-29T15:38:03","guid":{"rendered":"https:\/\/auditoriumpalma.com\/politica-de-privacitat\/"},"modified":"2026-02-09T16:52:31","modified_gmt":"2026-02-09T15:52:31","slug":"politica-de-privacitat","status":"publish","type":"page","link":"https:\/\/pre.auditoriumpalma.com\/ca\/politica-de-privacitat\/","title":{"rendered":"Pol\u00edtica de privacitat"},"content":{"rendered":"\t\t<div data-elementor-type=\"wp-page\" data-elementor-id=\"3240\" class=\"elementor elementor-3240 elementor-70\" data-elementor-post-type=\"page\">\n\t\t\t\t\t\t<section class=\"elementor-section elementor-top-section elementor-element elementor-element-d547929 elementor-section-boxed elementor-section-height-default elementor-section-height-default\" data-id=\"d547929\" data-element_type=\"section\">\n\t\t\t\t\t\t<div class=\"elementor-container elementor-column-gap-default\">\n\t\t\t\t\t<div class=\"elementor-column elementor-col-100 elementor-top-column elementor-element elementor-element-4a60983\" data-id=\"4a60983\" data-element_type=\"column\">\n\t\t\t<div class=\"elementor-widget-wrap elementor-element-populated\">\n\t\t\t\t\t\t<div class=\"elementor-element elementor-element-fe1bf4c elementor-widget elementor-widget-text-editor\" data-id=\"fe1bf4c\" data-element_type=\"widget\" data-widget_type=\"text-editor.default\">\n\t\t\t\t<div class=\"elementor-widget-container\">\n\t\t\t\t\t\t\t\t\t<h1 style=\"margin-bottom: 7px; border: 0px; font-variant-numeric: inherit; font-variant-east-asian: inherit; font-weight: 600; font-stretch: inherit; font-size: 42px; line-height: 42px; font-family: Lovelo, sans-serif; vertical-align: baseline; color: #444444; letter-spacing: normal; -webkit-font-smoothing: antialiased; text-transform: none; background-color: #ffffff;\">Qui som<\/h1>\r\n<p style=\"margin-bottom: 0px; padding-bottom: 27px; border: 0px; font-variant-numeric: inherit; font-variant-east-asian: inherit; font-stretch: inherit; font-size: 16px; line-height: inherit; font-family: Montserrat; vertical-align: baseline; -webkit-font-smoothing: antialiased; color: #676767; background-color: #ffffff;\">L&#8217;adre\u00e7a de la nostra web \u00e9s: https:\/\/auditoriumpalma.com.<\/p>\r\n<p style=\"margin-bottom: 0px; padding-bottom: 27px; border: 0px; font-variant-numeric: inherit; font-variant-east-asian: inherit; font-stretch: inherit; font-size: 16px; line-height: inherit; font-family: Montserrat; vertical-align: baseline; -webkit-font-smoothing: antialiased; color: #676767; background-color: #ffffff;\"><span style=\"margin: 0px; padding: 0px; border: 0px; font-style: inherit; font-variant: inherit; font-weight: 600; font-stretch: inherit; font-size: inherit; line-height: inherit; vertical-align: baseline;\">A l&#8217;efecte del que es disposa en l&#8217;art. 13 i l&#8217;art. 14 del RGPD se li facilita la seg\u00fcent informaci\u00f3:<\/span><\/p>\r\n<p style=\"margin-bottom: 0px; padding-bottom: 27px; border: 0px; font-variant-numeric: inherit; font-variant-east-asian: inherit; font-stretch: inherit; font-size: 16px; line-height: inherit; font-family: Montserrat; vertical-align: baseline; -webkit-font-smoothing: antialiased; color: #676767; background-color: #ffffff;\">De conformitat amb l&#8217;art. 13 i 14 del RGPD se li facilita la seg\u00fcent informaci\u00f3:<\/p>\r\n<p style=\"margin-bottom: 0px; padding-bottom: 27px; border: 0px; font-variant-numeric: inherit; font-variant-east-asian: inherit; font-stretch: inherit; font-size: 16px; line-height: inherit; font-family: Montserrat; vertical-align: baseline; -webkit-font-smoothing: antialiased; color: #676767; background-color: #ffffff;\"><span style=\"margin: 0px; padding: 0px; border: 0px; font-style: inherit; font-variant: inherit; font-weight: 600; font-stretch: inherit; font-size: inherit; line-height: inherit; vertical-align: baseline;\">Responsable:<\/span>&nbsp;Auditorium de Palma de Mallorca, S.L.<\/p>\r\n<p style=\"margin-bottom: 0px; padding-bottom: 27px; border: 0px; font-variant-numeric: inherit; font-variant-east-asian: inherit; font-stretch: inherit; font-size: 16px; line-height: inherit; font-family: Montserrat; vertical-align: baseline; -webkit-font-smoothing: antialiased; color: #676767; background-color: #ffffff;\"><span style=\"margin: 0px; padding: 0px; border: 0px; font-style: inherit; font-variant: inherit; font-weight: 600; font-stretch: inherit; font-size: inherit; line-height: inherit; vertical-align: baseline;\">NIF:&nbsp;<\/span>B72831308<\/p>\r\n<p style=\"margin-bottom: 0px; padding-bottom: 27px; border: 0px; font-variant-numeric: inherit; font-variant-east-asian: inherit; font-stretch: inherit; font-size: 16px; line-height: inherit; font-family: Montserrat; vertical-align: baseline; -webkit-font-smoothing: antialiased; color: #676767; background-color: #ffffff;\"><span style=\"margin: 0px; padding: 0px; border: 0px; font-style: inherit; font-variant: inherit; font-weight: 600; font-stretch: inherit; font-size: inherit; line-height: inherit; vertical-align: baseline;\">Adre\u00e7a:<\/span>&nbsp;Calle Federico Garc\u00eda Lorca 1 \u2013 07014 \u2013 Palma de Mallorca \u2013 Baleares<\/p>\r\n<p style=\"margin-bottom: 0px; padding-bottom: 27px; border: 0px; font-variant-numeric: inherit; font-variant-east-asian: inherit; font-stretch: inherit; font-size: 16px; line-height: inherit; font-family: Montserrat; vertical-align: baseline; -webkit-font-smoothing: antialiased; color: #676767; background-color: #ffffff;\"><span style=\"margin: 0px; padding: 0px; border: 0px; font-style: inherit; font-variant: inherit; font-weight: 600; font-stretch: inherit; font-size: inherit; line-height: inherit; vertical-align: baseline;\">Tel\u00e8fon: <\/span><span style=\"margin: 0px; padding: 0px; border: 0px; font-style: inherit; font-variant: inherit; font-stretch: inherit; font-size: inherit; line-height: inherit; vertical-align: baseline;\">971 735 328<\/span><\/p>\r\n<p style=\"margin-bottom: 0px; padding-bottom: 27px; border: 0px; font-variant-numeric: inherit; font-variant-east-asian: inherit; font-stretch: inherit; font-size: 16px; line-height: inherit; font-family: Montserrat; vertical-align: baseline; -webkit-font-smoothing: antialiased; color: #676767; background-color: #ffffff;\"><span style=\"margin: 0px; padding: 0px; border: 0px; font-style: inherit; font-variant: inherit; font-weight: 600; font-stretch: inherit; font-size: inherit; line-height: inherit; vertical-align: baseline;\">Correu Electr\u00f2nic:<\/span>&nbsp;info@auditoriumpalma.com<\/p>\r\n<h2 style=\"margin-bottom: 7px; border: 0px; font-variant-numeric: inherit; font-variant-east-asian: inherit; font-weight: bold; font-stretch: inherit; font-size: 34px; line-height: 44px; font-family: Montserrat; vertical-align: baseline; color: #444444; letter-spacing: normal; -webkit-font-smoothing: antialiased; text-transform: none; background-color: #ffffff;\">Quines dades personals recollim i per qu\u00e8 els recollim<\/h2>\r\n<h3 style=\"margin-bottom: 7px; border: 0px; font-variant-numeric: inherit; font-variant-east-asian: inherit; font-weight: bold; font-stretch: inherit; font-size: 24px; line-height: 28px; font-family: Montserrat; vertical-align: baseline; color: #444444; letter-spacing: normal; -webkit-font-smoothing: antialiased; text-transform: none; background-color: #ffffff;\">Formularis de contacte<\/h3>\r\n<h3 style=\"margin-bottom: 7px; border: 0px; font-variant-numeric: inherit; font-variant-east-asian: inherit; font-weight: bold; font-stretch: inherit; font-size: 24px; line-height: 28px; font-family: Montserrat; vertical-align: baseline; color: #444444; letter-spacing: normal; -webkit-font-smoothing: antialiased; text-transform: none; background-color: #ffffff;\">Cookies<\/h3>\r\n<p style=\"margin-bottom: 0px; padding-bottom: 27px; border: 0px; font-variant-numeric: inherit; font-variant-east-asian: inherit; font-stretch: inherit; font-size: 16px; line-height: inherit; font-family: Montserrat; vertical-align: baseline; -webkit-font-smoothing: antialiased; color: #676767; background-color: #ffffff;\">Si deixes un comentari en el nostre lloc pots triar guardar el teu nom, adre\u00e7a de correu electr\u00f2nic i web en cookies. Aix\u00f2 \u00e9s per a la teva comoditat, perqu\u00e8 no hagis de tornar a emplenar les teves dades quan deixis un altre comentari. Aquestes cookies tindran una durada d&#8217;un any.  <\/p>\r\n<p style=\"margin-bottom: 0px; padding-bottom: 27px; border: 0px; font-variant-numeric: inherit; font-variant-east-asian: inherit; font-stretch: inherit; font-size: 16px; line-height: inherit; font-family: Montserrat; vertical-align: baseline; -webkit-font-smoothing: antialiased; color: #676767; background-color: #ffffff;\">Si tens un compte i et connectes a aquest lloc, instal\u00b7larem una cookie temporal per a determinar si el teu navegador accepta cookies. Aquesta cookie no cont\u00e9 dades personals i s&#8217;elimina en tancar el navegador. <\/p>\r\n<p style=\"margin-bottom: 0px; padding-bottom: 27px; border: 0px; font-variant-numeric: inherit; font-variant-east-asian: inherit; font-stretch: inherit; font-size: 16px; line-height: inherit; font-family: Montserrat; vertical-align: baseline; -webkit-font-smoothing: antialiased; color: #676767; background-color: #ffffff;\">Quan inicies sessi\u00f3, tamb\u00e9 instal\u00b7larem diverses cookies per a guardar la teva informaci\u00f3 d&#8217;inici de sessi\u00f3 i les teves opcions de visualitzaci\u00f3 de pantalla. Les cookies d&#8217;inici de sessi\u00f3 duren dos dies, i les cookies d&#8217;opcions de pantalla duren un any. Si selecciones &#8220;Recordar-me&#8221;, el teu inici de sessi\u00f3 perdurar\u00e0 durant dues setmanes. Si surts del teu compte, les cookies d&#8217;inici de sessi\u00f3 s&#8217;eliminaran.   <\/p>\r\n<p style=\"margin-bottom: 0px; padding-bottom: 27px; border: 0px; font-variant-numeric: inherit; font-variant-east-asian: inherit; font-stretch: inherit; font-size: 16px; line-height: inherit; font-family: Montserrat; vertical-align: baseline; -webkit-font-smoothing: antialiased; color: #676767; background-color: #ffffff;\">Si edites o publiques un article es guardar\u00e0 una cookie adicional en el teu navegador. Aquesta cookie no inclou dades personals i simplement indica l&#8217;ID de l&#8217;article que acabes d&#8217;editar. Caduca despr\u00e9s d&#8217;un dia.  <\/p>\r\n<h3 style=\"margin-bottom: 7px; border: 0px; font-variant-numeric: inherit; font-variant-east-asian: inherit; font-weight: bold; font-stretch: inherit; font-size: 24px; line-height: 28px; font-family: Montserrat; vertical-align: baseline; color: #444444; letter-spacing: normal; -webkit-font-smoothing: antialiased; text-transform: none; background-color: #ffffff;\">Contingut incrustat d&#8217;altres llocs web<\/h3>\r\n<p style=\"margin-bottom: 0px; padding-bottom: 27px; border: 0px; font-variant-numeric: inherit; font-variant-east-asian: inherit; font-stretch: inherit; font-size: 16px; line-height: inherit; font-family: Montserrat; vertical-align: baseline; -webkit-font-smoothing: antialiased; color: #676767; background-color: #ffffff;\">Els articles d&#8217;aquest lloc poden incloure contingut incrustat (per exemple, v\u00eddeos, imatges, articles, etc.). El contingut incrustat d&#8217;altres web es comporta exactament de la mateixa manera que si el visitant hagu\u00e9s visitat l&#8217;altra web. <\/p>\r\n<p style=\"margin-bottom: 0px; padding-bottom: 27px; border: 0px; font-variant-numeric: inherit; font-variant-east-asian: inherit; font-stretch: inherit; font-size: 16px; line-height: inherit; font-family: Montserrat; vertical-align: baseline; -webkit-font-smoothing: antialiased; color: #676767; background-color: #ffffff;\">Aquestes web poden recopilar dades sobre tu, utilitzar cookies, incrustar un seguiment addicional de tercers, i supervisar la teva interacci\u00f3 amb aquest contingut incrustat, incl\u00f2s el seguiment de la teva interacci\u00f3 amb el contingut incrustat si tens un compte i est\u00e0s connectat a aquesta web.<\/p>\r\n<h3 style=\"margin-bottom: 7px; border: 0px; font-variant-numeric: inherit; font-variant-east-asian: inherit; font-weight: bold; font-stretch: inherit; font-size: 24px; line-height: 28px; font-family: Montserrat; vertical-align: baseline; color: #444444; letter-spacing: normal; -webkit-font-smoothing: antialiased; text-transform: none; background-color: #ffffff;\">Anal\u00edtica<\/h3>\r\n<h2 style=\"margin-bottom: 7px; border: 0px; font-variant-numeric: inherit; font-variant-east-asian: inherit; font-weight: bold; font-stretch: inherit; font-size: 34px; line-height: 44px; font-family: Montserrat; vertical-align: baseline; color: #444444; letter-spacing: normal; -webkit-font-smoothing: antialiased; text-transform: none; background-color: #ffffff;\">Amb qui compartim les teves dades<\/h2>\r\n<h2 style=\"margin-bottom: 7px; border: 0px; font-variant-numeric: inherit; font-variant-east-asian: inherit; font-weight: bold; font-stretch: inherit; font-size: 34px; line-height: 44px; font-family: Montserrat; vertical-align: baseline; color: #444444; letter-spacing: normal; -webkit-font-smoothing: antialiased; text-transform: none; background-color: #ffffff;\">Quan temps conservem les teves dades<\/h2>\r\n<p style=\"margin-bottom: 0px; padding-bottom: 27px; border: 0px; font-variant-numeric: inherit; font-variant-east-asian: inherit; font-stretch: inherit; font-size: 16px; line-height: inherit; font-family: Montserrat; vertical-align: baseline; -webkit-font-smoothing: antialiased; color: #676767; background-color: #ffffff;\">Si deixes un comentari, el comentari i les seves metadades es conserven indefinidament. Aix\u00f2 \u00e9s perqu\u00e8 puguem recon\u00e8ixer i aprovar comentaris successius autom\u00e0ticament en lloc de mantenir-los en una cua de moderaci\u00f3. <\/p>\r\n<p style=\"margin-bottom: 0px; padding-bottom: 27px; border: 0px; font-variant-numeric: inherit; font-variant-east-asian: inherit; font-stretch: inherit; font-size: 16px; line-height: inherit; font-family: Montserrat; vertical-align: baseline; -webkit-font-smoothing: antialiased; color: #676767; background-color: #ffffff;\">Dels usuaris que es registren en la nostra web (si n&#8217;hi ha), tamb\u00e9 emmagatzemem la informaci\u00f3 personal que proporcionen en el seu perfil d&#8217;usuari. Tots els usuaris poden veure, editar o eliminar la seva informaci\u00f3 personal en qualsevol moment (excepte que no poden canviar el seu nom d&#8217;usuari). Els administradors de la web tamb\u00e9 poden veure i editar aquesta informaci\u00f3.  <\/p>\r\n<h2 style=\"margin-bottom: 7px; border: 0px; font-variant-numeric: inherit; font-variant-east-asian: inherit; font-weight: bold; font-stretch: inherit; font-size: 34px; line-height: 44px; font-family: Montserrat; vertical-align: baseline; color: #444444; letter-spacing: normal; -webkit-font-smoothing: antialiased; text-transform: none; background-color: #ffffff;\">Quins drets tens sobre les teves dades.<\/h2>\r\n<p style=\"margin-bottom: 0px; padding-bottom: 27px; border: 0px; font-variant-numeric: inherit; font-variant-east-asian: inherit; font-stretch: inherit; font-size: 16px; line-height: inherit; font-family: Montserrat; vertical-align: baseline; -webkit-font-smoothing: antialiased; color: #676767; background-color: #ffffff;\">Si tens un compte o has deixat comentaris en aquesta web, pots sol\u00b7licitar rebre un arxiu d&#8217;exportaci\u00f3 de les dades personals que tenim sobre tu, incloent-hi qualsevol dada que ens hagis proporcionat. Tamb\u00e9 pots sol\u00b7licitar que eliminem qualsevol dada personal que tinguem sobre tu. Aix\u00f2 no inclou cap dada que estiguem obligats a conservar amb finalitats administratius, legals o de seguretat.  <\/p>\r\n<h2 style=\"margin-bottom: 7px; border: 0px; font-variant-numeric: inherit; font-variant-east-asian: inherit; font-weight: bold; font-stretch: inherit; font-size: 34px; line-height: 44px; font-family: Montserrat; vertical-align: baseline; color: #444444; letter-spacing: normal; -webkit-font-smoothing: antialiased; text-transform: none; background-color: #ffffff;\">On enviem les teves dades<\/h2>\r\n<p style=\"margin-bottom: 0px; padding-bottom: 27px; border: 0px; font-variant-numeric: inherit; font-variant-east-asian: inherit; font-stretch: inherit; font-size: 16px; line-height: inherit; font-family: Montserrat; vertical-align: baseline; -webkit-font-smoothing: antialiased; color: #676767; background-color: #ffffff;\">Els comentaris dels visitants pot ser que els revisi un servei de detecci\u00f3 autom\u00e0tica de spam.<\/p>\r\n<h2 style=\"margin-bottom: 7px; border: 0px; font-variant-numeric: inherit; font-variant-east-asian: inherit; font-weight: bold; font-stretch: inherit; font-size: 34px; line-height: 44px; font-family: Montserrat; vertical-align: baseline; color: #444444; letter-spacing: normal; -webkit-font-smoothing: antialiased; text-transform: none; background-color: #ffffff;\"><span style=\"margin: 0px; padding: 0px; border: 0px; font-style: inherit; font-variant: inherit; font-stretch: inherit; font-size: inherit; line-height: inherit; vertical-align: baseline;\">Legitimaci\u00f3<\/span><\/h2>\r\n<p style=\"margin-bottom: 0px; padding-bottom: 27px; border: 0px; font-variant-numeric: inherit; font-variant-east-asian: inherit; font-stretch: inherit; font-size: 16px; line-height: inherit; font-family: Montserrat; vertical-align: baseline; -webkit-font-smoothing: antialiased; color: #676767; background-color: #ffffff;\">La base&nbsp; legal per al tractament de les seves dades \u00e9s l&#8217;execuci\u00f3 del contracte mitjan\u00e7ant la compra del producte i\/o servei de conformitat amb el Codi de Comer\u00e7 i Codi&nbsp; Civil. Resulta d&#8217;aplicaci\u00f3 la Llei de Serveis de Societat de la Informaci\u00f3 34\/2002, articles 20 i 21, per a l&#8217;enviament d&#8217;ofertes comercials mitjan\u00e7ant&nbsp; telecomunicacions. L&#8217;oferta prospectiva de productes i serveis est\u00e0 basada en el consentiment que se li sol\u00b7licita sense que en cap cas la retirada d&#8217;aquest&nbsp; consentiment condicioni el contracte d&#8217;adquisici\u00f3 de producte i\/o prestaci\u00f3 de servei. Existeix l&#8217;obligaci\u00f3 de facilitar les dades de car\u00e0cter personal o, en cas&nbsp; contrari, no es pot prestar el servei i\/o vendre el producte i\/o facilitar l&#8217;oferta sol\u00b7licitada i gestionar l&#8217;enviament d&#8217;informaci\u00f3 comercial.   <\/p>\r\n<p style=\"margin-bottom: 0px; padding-bottom: 27px; border: 0px; font-variant-numeric: inherit; font-variant-east-asian: inherit; font-stretch: inherit; font-size: 16px; line-height: inherit; font-family: Montserrat; vertical-align: baseline; -webkit-font-smoothing: antialiased; color: #676767; background-color: #ffffff;\">\r\n<\/p><p style=\"margin-bottom: 0px; padding-bottom: 27px; border: 0px; font-variant-numeric: inherit; font-variant-east-asian: inherit; font-stretch: inherit; font-size: 16px; line-height: inherit; font-family: Montserrat; vertical-align: baseline; -webkit-font-smoothing: antialiased; color: #676767; background-color: #ffffff;\"><em style=\"margin: 0px; padding: 0px; border: 0px; font-variant: inherit; font-weight: inherit; font-stretch: inherit; font-size: inherit; line-height: inherit; font-family: inherit; vertical-align: baseline;\">La pol\u00edtica de privacitat ha estat actualitzada a data 1\/4\/2023<\/em><\/p>\t\t\t\t\t\t\t\t<\/div>\n\t\t\t\t<\/div>\n\t\t\t\t\t<\/div>\n\t\t<\/div>\n\t\t\t\t\t<\/div>\n\t\t<\/section>\n\t\t\t\t<\/div>\n\t\t","protected":false},"excerpt":{"rendered":"<p>Qui som L&#8217;adre\u00e7a de la nostra web \u00e9s: https:\/\/auditoriumpalma.com. A l&#8217;efecte del que es disposa en l&#8217;art. 13 i l&#8217;art. 14 del RGPD se li facilita la seg\u00fcent informaci\u00f3: De conformitat amb l&#8217;art. 13 i 14 del RGPD se li facilita la seg\u00fcent informaci\u00f3: Responsable:&nbsp;Auditorium de Palma de Mallorca, S.L. NIF:&nbsp;B72831308 Adre\u00e7a:&nbsp;Calle Federico Garc\u00eda Lorca&hellip;&nbsp;<a href=\"https:\/\/pre.auditoriumpalma.com\/ca\/politica-de-privacitat\/\" class=\"\" rel=\"bookmark\">Read More &raquo;<span class=\"screen-reader-text\">Pol\u00edtica de privacitat<\/span><\/a><\/p>\n","protected":false},"author":1,"featured_media":0,"parent":0,"menu_order":0,"comment_status":"closed","ping_status":"closed","template":"","meta":{"_acf_changed":false,"neve_meta_sidebar":"","neve_meta_container":"","neve_meta_enable_content_width":"","neve_meta_content_width":0,"neve_meta_title_alignment":"","neve_meta_author_avatar":"","neve_post_elements_order":"","neve_meta_disable_header":"","neve_meta_disable_footer":"","neve_meta_disable_title":"","footnotes":""},"class_list":["post-3240","page","type-page","status-publish","hentry"],"acf":[],"_links":{"self":[{"href":"https:\/\/pre.auditoriumpalma.com\/ca\/wp-json\/wp\/v2\/pages\/3240","targetHints":{"allow":["GET"]}}],"collection":[{"href":"https:\/\/pre.auditoriumpalma.com\/ca\/wp-json\/wp\/v2\/pages"}],"about":[{"href":"https:\/\/pre.auditoriumpalma.com\/ca\/wp-json\/wp\/v2\/types\/page"}],"author":[{"embeddable":true,"href":"https:\/\/pre.auditoriumpalma.com\/ca\/wp-json\/wp\/v2\/users\/1"}],"replies":[{"embeddable":true,"href":"https:\/\/pre.auditoriumpalma.com\/ca\/wp-json\/wp\/v2\/comments?post=3240"}],"version-history":[{"count":1,"href":"https:\/\/pre.auditoriumpalma.com\/ca\/wp-json\/wp\/v2\/pages\/3240\/revisions"}],"predecessor-version":[{"id":3241,"href":"https:\/\/pre.auditoriumpalma.com\/ca\/wp-json\/wp\/v2\/pages\/3240\/revisions\/3241"}],"wp:attachment":[{"href":"https:\/\/pre.auditoriumpalma.com\/ca\/wp-json\/wp\/v2\/media?parent=3240"}],"curies":[{"name":"wp","href":"https:\/\/api.w.org\/{rel}","templated":true}]}}