{"id":66,"date":"2021-12-23T15:24:58","date_gmt":"2021-12-23T15:24:58","guid":{"rendered":"http:\/\/auditoriumpalma.ximodev.com\/?page_id=66"},"modified":"2024-08-21T11:03:09","modified_gmt":"2024-08-21T09:03:09","slug":"aviso-legal","status":"publish","type":"page","link":"https:\/\/pre.auditoriumpalma.com\/es\/aviso-legal\/","title":{"rendered":"Aviso legal"},"content":{"rendered":"\t\t<div data-elementor-type=\"wp-page\" data-elementor-id=\"66\" class=\"elementor elementor-66\" data-elementor-post-type=\"page\">\n\t\t\t\t\t\t<section class=\"elementor-section elementor-top-section elementor-element elementor-element-c865eab elementor-section-boxed elementor-section-height-default elementor-section-height-default\" data-id=\"c865eab\" data-element_type=\"section\">\n\t\t\t\t\t\t<div class=\"elementor-container elementor-column-gap-default\">\n\t\t\t\t\t<div class=\"elementor-column elementor-col-100 elementor-top-column elementor-element elementor-element-51e702f\" data-id=\"51e702f\" data-element_type=\"column\">\n\t\t\t<div class=\"elementor-widget-wrap elementor-element-populated\">\n\t\t\t\t\t\t<div class=\"elementor-element elementor-element-6ce307e elementor-widget elementor-widget-text-editor\" data-id=\"6ce307e\" data-element_type=\"widget\" data-widget_type=\"text-editor.default\">\n\t\t\t\t<div class=\"elementor-widget-container\">\n\t\t\t\t\t\t\t\t\t<h1 style=\"margin-bottom: 7px; border: 0px; font-variant-numeric: inherit; font-variant-east-asian: inherit; font-weight: 600; font-stretch: inherit; font-size: 42px; line-height: 42px; font-family: Lovelo, sans-serif; vertical-align: baseline; color: #444444; letter-spacing: normal; -webkit-font-smoothing: antialiased; text-transform: none; background-color: #ffffff;\">Informaci\u00f3n legal<\/h1>\n<div>&nbsp;<\/div>\n<h4 style=\"margin-bottom: 7px; border: 0px; font-variant-numeric: inherit; font-variant-east-asian: inherit; font-weight: bold; font-stretch: inherit; font-size: 18px; line-height: 32px; font-family: Montserrat; vertical-align: baseline; color: #444444; letter-spacing: normal; -webkit-font-smoothing: antialiased; text-transform: none; background-color: #ffffff;\">TITULAR DE LA P\u00c1GINA WEB<\/h4>\n<p style=\"margin-bottom: 0px; padding-bottom: 27px; border: 0px; font-variant-numeric: inherit; font-variant-east-asian: inherit; font-stretch: inherit; font-size: 16px; line-height: inherit; font-family: Montserrat; vertical-align: baseline; -webkit-font-smoothing: antialiased; color: #676767; background-color: #ffffff;\"><span style=\"margin: 0px; padding: 0px; border: 0px; font-style: inherit; font-variant: inherit; font-weight: 600; font-stretch: inherit; font-size: inherit; line-height: inherit; vertical-align: baseline;\">Denominaci\u00f3n social:&nbsp;<\/span>Auditorium de Palma de Mallorca, S.L.<\/p>\n<p style=\"margin-bottom: 0px; padding-bottom: 27px; border: 0px; font-variant-numeric: inherit; font-variant-east-asian: inherit; font-stretch: inherit; font-size: 16px; line-height: inherit; font-family: Montserrat; vertical-align: baseline; -webkit-font-smoothing: antialiased; color: #676767; background-color: #ffffff;\"><span style=\"margin: 0px; padding: 0px; border: 0px; font-style: inherit; font-variant: inherit; font-weight: 600; font-stretch: inherit; font-size: inherit; line-height: inherit; vertical-align: baseline;\">NIF:&nbsp;<\/span>B72831308<\/p>\n<p style=\"margin-bottom: 0px; padding-bottom: 27px; border: 0px; font-variant-numeric: inherit; font-variant-east-asian: inherit; font-stretch: inherit; font-size: 16px; line-height: inherit; font-family: Montserrat; vertical-align: baseline; -webkit-font-smoothing: antialiased; color: #676767; background-color: #ffffff;\"><span style=\"margin: 0px; padding: 0px; border: 0px; font-style: inherit; font-variant: inherit; font-weight: 600; font-stretch: inherit; font-size: inherit; line-height: inherit; vertical-align: baseline;\">Domicilio:<\/span>&nbsp;Calle Federico Garc\u00eda Lorca 1&nbsp; \u2013 07014 Palma de Mallorca \u2013 Baleares<\/p>\n<p style=\"margin-bottom: 0px; padding-bottom: 27px; border: 0px; font-variant-numeric: inherit; font-variant-east-asian: inherit; font-stretch: inherit; font-size: 16px; line-height: inherit; font-family: Montserrat; vertical-align: baseline; -webkit-font-smoothing: antialiased; color: #676767; background-color: #ffffff;\"><span style=\"margin: 0px; padding: 0px; border: 0px; font-style: inherit; font-variant: inherit; font-weight: 600; font-stretch: inherit; font-size: inherit; line-height: inherit; vertical-align: baseline;\">Direccion de correo electr\u00f3nico:<\/span>&nbsp;info@auditoriumpalma.com<\/p>\n<p style=\"margin-bottom: 0px; padding-bottom: 27px; border: 0px; font-variant-numeric: inherit; font-variant-east-asian: inherit; font-stretch: inherit; font-size: 16px; line-height: inherit; font-family: Montserrat; vertical-align: baseline; -webkit-font-smoothing: antialiased; color: #676767; background-color: #ffffff;\"><span style=\"margin: 0px; padding: 0px; border: 0px; font-style: inherit; font-variant: inherit; font-weight: 600; font-stretch: inherit; font-size: inherit; line-height: inherit; vertical-align: baseline;\">Telefono:&nbsp;<\/span>971 735 328<\/p>\n<p style=\"margin-bottom: 0px; padding-bottom: 27px; border: 0px; font-variant-numeric: inherit; font-variant-east-asian: inherit; font-stretch: inherit; font-size: 16px; line-height: inherit; font-family: Montserrat; vertical-align: baseline; -webkit-font-smoothing: antialiased; color: #676767; background-color: #ffffff;\">Para&nbsp; navegar en esta p\u00e1gina web como visitante o para registrarse y poder acceder a los servicios ofrecidos por&nbsp;<span style=\"margin: 0px; padding: 0px; border: 0px; font-style: inherit; font-variant: inherit; font-weight: 600; font-stretch: inherit; font-size: inherit; line-height: inherit; vertical-align: baseline;\">www.auditoriumpalma.com<\/span>, se deber\u00e1n aceptar las siguientes condiciones :<\/p>\n<ol style=\"margin-bottom: 30px; margin-left: 30px; padding-left: 0px; border: 0px; font-variant-numeric: inherit; font-variant-east-asian: inherit; font-stretch: inherit; font-size: 16px; line-height: inherit; font-family: Montserrat; vertical-align: baseline; list-style: none; color: #676767; background-color: #ffffff;\">\n<li style=\"border: 0px; font: inherit; vertical-align: baseline; list-style: outside decimal;\">El usuario y el navegante asumen estas condiciones de servicio.<\/li>\n<li style=\"border: 0px; font: inherit; vertical-align: baseline; list-style: outside decimal;\">Si el usuario o el navegante no aceptan estas condiciones, no podr\u00e1n usar esta p\u00e1gina web, ni acceder a los servicios que ofrece Auditorium de Palma.<\/li>\n<\/ol>\n<h3 style=\"margin-bottom: 7px; border: 0px; font-variant-numeric: inherit; font-variant-east-asian: inherit; font-weight: bold; font-stretch: inherit; font-size: 24px; line-height: 28px; font-family: Montserrat; vertical-align: baseline; color: #444444; letter-spacing: normal; -webkit-font-smoothing: antialiased; text-transform: none; background-color: #ffffff;\">1. Uso de la p\u00e1gina web<\/h3>\n<ol style=\"margin-bottom: 30px; margin-left: 30px; padding-left: 0px; border: 0px; font-variant-numeric: inherit; font-variant-east-asian: inherit; font-stretch: inherit; font-size: 16px; line-height: inherit; font-family: Montserrat; vertical-align: baseline; list-style: none; color: #676767; background-color: #ffffff;\">\n<li style=\"border: 0px; font: inherit; vertical-align: baseline; list-style: outside decimal;\">La utilizaci\u00f3n de esta Web le atribuye la condici\u00f3n de usuario de la misma desde el acceso e inicio de la&nbsp; navegaci\u00f3n por la misma. Desde el momento de acceso a cualquiera de sus contenidos el usuario acepta de manera expresa las presentes condiciones generales. El&nbsp; usuario acepta las condiciones particulares aplicables de los diferentes servicios que oferta la entidad en la web a la que accede.<\/li>\n<li style=\"border: 0px; font: inherit; vertical-align: baseline; list-style: outside decimal;\">A trav\u00e9s de la p\u00e1gina web, Auditorium de Palma facilita a los Usuarios el acceso y la utilizaci\u00f3n de diversa informaci\u00f3n y servicios.<\/li>\n<li style=\"border: 0px; font: inherit; vertical-align: baseline; list-style: outside decimal;\">La p\u00e1gina web tiene car\u00e1cter gratuito para los Usuarios. El Usuario se compromete a utilizar la p\u00e1gina web de conformidad con la Ley, con las disposiciones de estas Condiciones Generales, as\u00ed como con la moral y&nbsp; buenas costumbres generalmente aceptadas y el orden p\u00fablico.<\/li>\n<li style=\"border: 0px; font: inherit; vertical-align: baseline; list-style: outside decimal;\">Con car\u00e1cter general para la prestaci\u00f3n de los servicios y el acceso a la informaci\u00f3n de la p\u00e1gina web no se exige la previa suscripci\u00f3n o registro de los Usuarios. No obstante, Auditorium de Palma condiciona la utilizaci\u00f3n de algunos de los Servicios a la&nbsp; previa cumplimentaci\u00f3n del correspondiente registro o formulario de recogida de datos del Usuario. El citado registro se efectuar\u00e1 en la forma expresamente indicada en&nbsp; el propio servicio o en las Condiciones Particulares que, en su caso, lo regulen.<\/li>\n<li style=\"border: 0px; font: inherit; vertical-align: baseline; list-style: outside decimal;\">El usuario se obliga desde la aceptaci\u00f3n a realizar un uso de la p\u00e1gina web los contenidos y sus servicios de conformidad con la ley, las buenas costumbres y el orden p\u00fablico, empleando la diligencia adecuada a la naturaleza del servicio del que disfruta a trav\u00e9s de la p\u00e1gina web auditoriumpalma.com<\/li>\n<\/ol>\n<h4 style=\"margin-bottom: 7px; border: 0px; font-variant-numeric: inherit; font-variant-east-asian: inherit; font-weight: bold; font-stretch: inherit; font-size: 18px; line-height: 32px; font-family: Montserrat; vertical-align: baseline; color: #444444; letter-spacing: normal; -webkit-font-smoothing: antialiased; text-transform: none; background-color: #ffffff;\">Modificaciones sobre las condiciones<\/h4>\n<p style=\"margin-bottom: 0px; padding-bottom: 27px; border: 0px; font-variant-numeric: inherit; font-variant-east-asian: inherit; font-stretch: inherit; font-size: 16px; line-height: inherit; font-family: Montserrat; vertical-align: baseline; -webkit-font-smoothing: antialiased; color: #676767; background-color: #ffffff;\">La entidad se reserva el derecho a modificar, unilateralmente, en cualquier momento y sin&nbsp; previo aviso las presentes condiciones. En estos casos se proceder\u00e1 a su publicaci\u00f3n y aviso con la m\u00e1xima antelaci\u00f3n posible. De igual modo, se reserva el derecho a&nbsp; modificar, unilateralmente, en cualquier momento y sin previo aviso, la presentaci\u00f3n y configuraci\u00f3n de la Web.<\/p>\n<h4 style=\"margin-bottom: 7px; border: 0px; font-variant-numeric: inherit; font-variant-east-asian: inherit; font-weight: bold; font-stretch: inherit; font-size: 18px; line-height: 32px; font-family: Montserrat; vertical-align: baseline; color: #444444; letter-spacing: normal; -webkit-font-smoothing: antialiased; text-transform: none; background-color: #ffffff;\">Propiedad Intelectual<\/h4>\n<p style=\"margin-bottom: 0px; padding-bottom: 27px; border: 0px; font-variant-numeric: inherit; font-variant-east-asian: inherit; font-stretch: inherit; font-size: 16px; line-height: inherit; font-family: Montserrat; vertical-align: baseline; -webkit-font-smoothing: antialiased; color: #676767; background-color: #ffffff;\">Todos los contenidos de la p\u00e1gina Web son titularidad exclusiva de la entidad y, con car\u00e1cter enunciativo, que no limitativo, el dise\u00f1o gr\u00e1fico, c\u00f3digo fuente, logos,&nbsp; textos, gr\u00e1ficos, ilustraciones, fotograf\u00edas, y dem\u00e1s elementos que aparecen en la p\u00e1gina web. As\u00ed mismo los nombres comerciales, marcas o signos distintivos de&nbsp; cualquier clase contenidos en la p\u00e1gina Web est\u00e1n protegidos por la Ley de propiedad intelectual e industrial. Corresponde a la entidad el ejercicio exclusivo de los&nbsp; derechos de explotaci\u00f3n de la propiedad intelectual mencionada, en cualquier forma y, en especial, los derechos de reproducci\u00f3n, distribuci\u00f3n, comunicaci\u00f3n p\u00fablica.&nbsp;El&nbsp; usuario tiene prohibido cualquier uso no consentido total o parcial de cualquiera de los contenidos de la p\u00e1gina web que integran los derechos de propiedad intelectual o&nbsp; industrial de la entidad sobre la p\u00e1gina y\/o sus contenidos.<\/p>\n<p style=\"margin-bottom: 0px; padding-bottom: 27px; border: 0px; font-variant-numeric: inherit; font-variant-east-asian: inherit; font-stretch: inherit; font-size: 16px; line-height: inherit; font-family: Montserrat; vertical-align: baseline; -webkit-font-smoothing: antialiased; color: #676767; background-color: #ffffff;\">La entidad se reserva el derecho a realizar cualquier tipo de acci\u00f3n legal&nbsp;contra cualquier usuario que realice&nbsp; una acci\u00f3n que implique reproducci\u00f3n, distribuci\u00f3n, comercializaci\u00f3n, transformaci\u00f3n y, en general, cualquier otra forma de explotaci\u00f3n, por cualquier procedimiento, de&nbsp; todo o parte de los contenidos de la p\u00e1gina Web y que constituya una infracci\u00f3n de los derechos de propiedad intelectual y\/o industrial de la misma.<\/p>\n<h4 style=\"margin-bottom: 7px; border: 0px; font-variant-numeric: inherit; font-variant-east-asian: inherit; font-weight: bold; font-stretch: inherit; font-size: 18px; line-height: 32px; font-family: Montserrat; vertical-align: baseline; color: #444444; letter-spacing: normal; -webkit-font-smoothing: antialiased; text-transform: none; background-color: #ffffff;\">Notificaciones<\/h4>\n<p style=\"margin-bottom: 0px; padding-bottom: 27px; border: 0px; font-variant-numeric: inherit; font-variant-east-asian: inherit; font-stretch: inherit; font-size: 16px; line-height: inherit; font-family: Montserrat; vertical-align: baseline; -webkit-font-smoothing: antialiased; color: #676767; background-color: #ffffff;\">A los efectos de las presentes Condiciones Generales, y para cualquier comunicaci\u00f3n que sea precisa entre la Entidad y el Usuario, estos&nbsp; deber\u00e1n dirigirse mediante el correo electr\u00f3nico info@auditoriumpalma.com. Las comunicaciones de la Entidad al Usuario se realizar\u00e1n conforme a los datos aportados por \u00e9ste al&nbsp; registrarse en la p\u00e1gina web www.auditoriumpalma.com<\/p>\n<p style=\"margin-bottom: 0px; padding-bottom: 27px; border: 0px; font-variant-numeric: inherit; font-variant-east-asian: inherit; font-stretch: inherit; font-size: 16px; line-height: inherit; font-family: Montserrat; vertical-align: baseline; -webkit-font-smoothing: antialiased; color: #676767; background-color: #ffffff;\">El Usuario acepta expresamente y para todas las comunicaciones relacionadas con la utilizaci\u00f3n de la p\u00e1gina web y\/o la&nbsp; contrataci\u00f3n de los servicios en \u00e9l ofertados, la utilizaci\u00f3n del correo electr\u00f3nico como procedimiento v\u00e1lido para la remisi\u00f3n de dichas comunicaciones.<\/p>\n<h3 style=\"margin-bottom: 7px; border: 0px; font-variant-numeric: inherit; font-variant-east-asian: inherit; font-weight: bold; font-stretch: inherit; font-size: 24px; line-height: 28px; font-family: Montserrat; vertical-align: baseline; color: #444444; letter-spacing: normal; -webkit-font-smoothing: antialiased; text-transform: none; background-color: #ffffff;\">2. Redes sociales<\/h3>\n<p style=\"margin-bottom: 0px; padding-bottom: 27px; border: 0px; font-variant-numeric: inherit; font-variant-east-asian: inherit; font-stretch: inherit; font-size: 16px; line-height: inherit; font-family: Montserrat; vertical-align: baseline; -webkit-font-smoothing: antialiased; color: #676767; background-color: #ffffff;\">Auditoriumpalma.com cuenta con perfiles en redes sociales de Internet, reconoci\u00e9ndose en todos los casos responsable del tratamiento de los datos de sus seguidores, fans, suscriptores, comentaristas y otros perfiles de usuarios (en adelante, seguidores). El tratamiento que se llevar\u00e1 a cabo con dichos datos ser\u00e1, como m\u00e1ximo, el que la red social permita a los perfiles corporativos. As\u00ed pues, auditoriumpalma.com podr\u00e1 informar a sus seguidores por cualquier v\u00eda que la red social permita sobre sus actividades, ofertas, as\u00ed como prestar servicio personalizado de atenci\u00f3n al cliente. En ning\u00fan caso auditoriumpalma.com extraer\u00e1 datos de las redes sociales, a menos que se obtuviera puntual y expresamente el consentimiento del usuario para ello.<\/p>\n<h3 style=\"margin-bottom: 7px; border: 0px; font-variant-numeric: inherit; font-variant-east-asian: inherit; font-weight: bold; font-stretch: inherit; font-size: 24px; line-height: 28px; font-family: Montserrat; vertical-align: baseline; color: #444444; letter-spacing: normal; -webkit-font-smoothing: antialiased; text-transform: none; background-color: #ffffff;\">3. Enlaces<\/h3>\n<p style=\"margin-bottom: 0px; padding-bottom: 27px; border: 0px; font-variant-numeric: inherit; font-variant-east-asian: inherit; font-stretch: inherit; font-size: 16px; line-height: inherit; font-family: Montserrat; vertical-align: baseline; -webkit-font-smoothing: antialiased; color: #676767; background-color: #ffffff;\">El Sitio Web podr\u00e1 contener enlaces a o desde otros sitios web y por tanto, auditoriumpalma.com no se responsabiliza de las pr\u00e1cticas que, en materia de tratamiento de datos personales, siguen otros sitios web. La presente Pol\u00edtica sobre Tratamiento de Datos Personales es de aplicaci\u00f3n solamente a la informaci\u00f3n que recabamos en el Sitio Web.<\/p>\n<h3 style=\"margin-bottom: 7px; border: 0px; font-variant-numeric: inherit; font-variant-east-asian: inherit; font-weight: bold; font-stretch: inherit; font-size: 24px; line-height: 28px; font-family: Montserrat; vertical-align: baseline; color: #444444; letter-spacing: normal; -webkit-font-smoothing: antialiased; text-transform: none; background-color: #ffffff;\">4. Navegaci\u00f3n web (cookies)<\/h3>\n<p style=\"margin-bottom: 0px; padding-bottom: 27px; border: 0px; font-variant-numeric: inherit; font-variant-east-asian: inherit; font-stretch: inherit; font-size: 16px; line-height: inherit; font-family: Montserrat; vertical-align: baseline; -webkit-font-smoothing: antialiased; color: #676767; background-color: #ffffff;\">Las cookies son ficheros creados en el navegador del usuario para registrar su actividad en el Sitio Web y permitirle una navegaci\u00f3n m\u00e1s fluida y personalizada. El Sitio Web dispone de una p\u00e1gina de informaci\u00f3n sobre las cookies que puede consultar&nbsp;<a style=\"margin: 0px; padding: 0px; border: 0px; font: inherit; vertical-align: baseline; color: #fa255e; transition: color 0.2s ease 0s;\" href=\"https:\/\/auditoriumpalma.com\/politica-de-cookies\/\">aqu\u00ed<\/a>.<\/p>\t\t\t\t\t\t\t\t<\/div>\n\t\t\t\t<\/div>\n\t\t\t\t\t<\/div>\n\t\t<\/div>\n\t\t\t\t\t<\/div>\n\t\t<\/section>\n\t\t\t\t<\/div>\n\t\t","protected":false},"excerpt":{"rendered":"<p>Informaci\u00f3n legal &nbsp; TITULAR DE LA P\u00c1GINA WEB Denominaci\u00f3n social:&nbsp;Auditorium de Palma de Mallorca, S.L. NIF:&nbsp;B72831308 Domicilio:&nbsp;Calle Federico Garc\u00eda Lorca 1&nbsp; \u2013 07014 Palma de Mallorca \u2013 Baleares Direccion de correo electr\u00f3nico:&nbsp;info@auditoriumpalma.com Telefono:&nbsp;971 735 328 Para&nbsp; navegar en esta p\u00e1gina web como visitante o para registrarse y poder acceder a los servicios ofrecidos por&nbsp;www.auditoriumpalma.com, se&hellip;&nbsp;<a href=\"https:\/\/pre.auditoriumpalma.com\/es\/aviso-legal\/\" class=\"\" rel=\"bookmark\">Leer m\u00e1s &raquo;<span class=\"screen-reader-text\">Aviso legal<\/span><\/a><\/p>\n","protected":false},"author":1,"featured_media":0,"parent":0,"menu_order":0,"comment_status":"closed","ping_status":"closed","template":"page-templates\/template-pagebuilder-full-width.php","meta":{"_acf_changed":false,"neve_meta_sidebar":"","neve_meta_container":"","neve_meta_enable_content_width":"","neve_meta_content_width":0,"neve_meta_title_alignment":"","neve_meta_author_avatar":"","neve_post_elements_order":"","neve_meta_disable_header":"","neve_meta_disable_footer":"","neve_meta_disable_title":"","footnotes":""},"class_list":["post-66","page","type-page","status-publish","hentry"],"acf":[],"_links":{"self":[{"href":"https:\/\/pre.auditoriumpalma.com\/es\/wp-json\/wp\/v2\/pages\/66","targetHints":{"allow":["GET"]}}],"collection":[{"href":"https:\/\/pre.auditoriumpalma.com\/es\/wp-json\/wp\/v2\/pages"}],"about":[{"href":"https:\/\/pre.auditoriumpalma.com\/es\/wp-json\/wp\/v2\/types\/page"}],"author":[{"embeddable":true,"href":"https:\/\/pre.auditoriumpalma.com\/es\/wp-json\/wp\/v2\/users\/1"}],"replies":[{"embeddable":true,"href":"https:\/\/pre.auditoriumpalma.com\/es\/wp-json\/wp\/v2\/comments?post=66"}],"version-history":[{"count":22,"href":"https:\/\/pre.auditoriumpalma.com\/es\/wp-json\/wp\/v2\/pages\/66\/revisions"}],"predecessor-version":[{"id":3188,"href":"https:\/\/pre.auditoriumpalma.com\/es\/wp-json\/wp\/v2\/pages\/66\/revisions\/3188"}],"wp:attachment":[{"href":"https:\/\/pre.auditoriumpalma.com\/es\/wp-json\/wp\/v2\/media?parent=66"}],"curies":[{"name":"wp","href":"https:\/\/api.w.org\/{rel}","templated":true}]}}