{"id":68,"date":"2021-12-23T15:25:18","date_gmt":"2021-12-23T15:25:18","guid":{"rendered":"http:\/\/auditoriumpalma.ximodev.com\/?page_id=68"},"modified":"2025-02-21T16:52:33","modified_gmt":"2025-02-21T15:52:33","slug":"politica-de-cookies","status":"publish","type":"page","link":"https:\/\/pre.auditoriumpalma.com\/es\/politica-de-cookies\/","title":{"rendered":"Pol\u00edtica de cookies"},"content":{"rendered":"\t\t<div data-elementor-type=\"wp-page\" data-elementor-id=\"68\" class=\"elementor elementor-68\" data-elementor-post-type=\"page\">\n\t\t\t\t\t\t<section class=\"elementor-section elementor-top-section elementor-element elementor-element-d6f95dd elementor-section-boxed elementor-section-height-default elementor-section-height-default\" data-id=\"d6f95dd\" data-element_type=\"section\">\n\t\t\t\t\t\t<div class=\"elementor-container elementor-column-gap-default\">\n\t\t\t\t\t<div class=\"elementor-column elementor-col-100 elementor-top-column elementor-element elementor-element-4dfa7f3\" data-id=\"4dfa7f3\" data-element_type=\"column\">\n\t\t\t<div class=\"elementor-widget-wrap elementor-element-populated\">\n\t\t\t\t\t\t<div class=\"elementor-element elementor-element-6dde39e elementor-widget elementor-widget-text-editor\" data-id=\"6dde39e\" data-element_type=\"widget\" data-widget_type=\"text-editor.default\">\n\t\t\t\t<div class=\"elementor-widget-container\">\n\t\t\t\t\t\t\t\t\t<h1 style=\"margin-bottom: 7px; border: 0px; font-variant-numeric: inherit; font-variant-east-asian: inherit; font-weight: 600; font-stretch: inherit; font-size: 42px; line-height: 42px; font-family: Lovelo, sans-serif; vertical-align: baseline; color: #444444; letter-spacing: normal; -webkit-font-smoothing: antialiased; text-transform: none; background-color: #ffffff;\">Pol\u00edtica de cookies<\/h1><p style=\"margin-bottom: 0px; padding-bottom: 27px; border: 0px; font-variant-numeric: inherit; font-variant-east-asian: inherit; font-stretch: inherit; font-size: 16px; line-height: inherit; font-family: Montserrat; vertical-align: baseline; -webkit-font-smoothing: antialiased; color: #676767; background-color: #ffffff;\">Una\u00a0<em style=\"margin: 0px; padding: 0px; border: 0px; font-variant: inherit; font-weight: inherit; font-stretch: inherit; font-size: inherit; line-height: inherit; font-family: inherit; vertical-align: baseline;\">cookie<\/em>\u00a0es un peque\u00f1o fichero de texto que se almacena en su navegador cuando visita casi cualquier p\u00e1gina web. Su utilidad es que la web sea capaz de recordar su visita cuando vuelva a navegar por esa p\u00e1gina. Las\u00a0<em style=\"margin: 0px; padding: 0px; border: 0px; font-variant: inherit; font-weight: inherit; font-stretch: inherit; font-size: inherit; line-height: inherit; font-family: inherit; vertical-align: baseline;\">cookies<\/em>\u00a0suelen almacenar informaci\u00f3n de car\u00e1cter t\u00e9cnico, preferencias personales, personalizaci\u00f3n de contenidos, estad\u00edsticas de uso, enlaces a redes sociales, acceso a cuentas de usuario, etc. El objetivo de la\u00a0<em style=\"margin: 0px; padding: 0px; border: 0px; font-variant: inherit; font-weight: inherit; font-stretch: inherit; font-size: inherit; line-height: inherit; font-family: inherit; vertical-align: baseline;\">cookie<\/em>\u00a0es adaptar el contenido de la web a su perfil y necesidades, sin\u00a0<em style=\"margin: 0px; padding: 0px; border: 0px; font-variant: inherit; font-weight: inherit; font-stretch: inherit; font-size: inherit; line-height: inherit; font-family: inherit; vertical-align: baseline;\">cookies<\/em>\u00a0los servicios ofrecidos por cualquier p\u00e1gina se ver\u00edan mermados notablemente.<\/p><h2 style=\"margin-bottom: 7px; border: 0px; font-variant-numeric: inherit; font-variant-east-asian: inherit; font-weight: bold; font-stretch: inherit; font-size: 34px; line-height: 44px; font-family: Montserrat; vertical-align: baseline; color: #444444; letter-spacing: normal; -webkit-font-smoothing: antialiased; text-transform: none; background-color: #ffffff;\">Cookies utilizadas en este sitio web<\/h2><p style=\"margin-bottom: 0px; padding-bottom: 27px; border: 0px; font-variant-numeric: inherit; font-variant-east-asian: inherit; font-stretch: inherit; font-size: 16px; line-height: inherit; font-family: Montserrat; vertical-align: baseline; -webkit-font-smoothing: antialiased; color: #676767; background-color: #ffffff;\">Siguiendo las directrices de la Agencia Espa\u00f1ola de Protecci\u00f3n de Datos procedemos a detallar el uso de\u00a0<em style=\"margin: 0px; padding: 0px; border: 0px; font-variant: inherit; font-weight: inherit; font-stretch: inherit; font-size: inherit; line-height: inherit; font-family: inherit; vertical-align: baseline;\">cookies<\/em>\u00a0que hace esta web con el fin de informarle con la m\u00e1xima exactitud posible.<\/p><p style=\"margin-bottom: 0px; padding-bottom: 27px; border: 0px; font-variant-numeric: inherit; font-variant-east-asian: inherit; font-stretch: inherit; font-size: 16px; line-height: inherit; font-family: Montserrat; vertical-align: baseline; -webkit-font-smoothing: antialiased; color: #676767; background-color: #ffffff;\">Este sitio web utiliza las siguientes\u00a0<span style=\"margin: 0px; padding: 0px; border: 0px; font-style: inherit; font-variant: inherit; font-weight: 600; font-stretch: inherit; font-size: inherit; line-height: inherit; vertical-align: baseline;\">cookies propias<\/span>:<\/p><ul style=\"margin-bottom: 30px; margin-left: 30px; padding-left: 0px; border: 0px; font-variant-numeric: inherit; font-variant-east-asian: inherit; font-stretch: inherit; font-size: 16px; line-height: inherit; font-family: Montserrat; vertical-align: baseline; list-style: none; color: #676767; background-color: #ffffff;\"><li style=\"border: 0px; font: inherit; vertical-align: baseline; list-style: outside disc;\">Cookies de sesi\u00f3n, para garantizar que los usuarios que escriban comentarios en el blog sean humanos y no aplicaciones automatizadas. De esta forma se combate el\u00a0<em style=\"margin: 0px; padding: 0px; border: 0px; font-variant: inherit; font-weight: inherit; font-stretch: inherit; font-size: inherit; line-height: inherit; font-family: inherit; vertical-align: baseline;\">spam<\/em>.<\/li><\/ul><p style=\"margin-bottom: 0px; padding-bottom: 27px; border: 0px; font-variant-numeric: inherit; font-variant-east-asian: inherit; font-stretch: inherit; font-size: 16px; line-height: inherit; font-family: Montserrat; vertical-align: baseline; -webkit-font-smoothing: antialiased; color: #676767; background-color: #ffffff;\">Este sitio web utiliza las siguientes\u00a0<span style=\"margin: 0px; padding: 0px; border: 0px; font-style: inherit; font-variant: inherit; font-weight: 600; font-stretch: inherit; font-size: inherit; line-height: inherit; vertical-align: baseline;\">cookies de terceros<\/span>:<\/p><ul style=\"margin-bottom: 30px; margin-left: 30px; padding-left: 0px; border: 0px; font-variant-numeric: inherit; font-variant-east-asian: inherit; font-stretch: inherit; font-size: 16px; line-height: inherit; font-family: Montserrat; vertical-align: baseline; list-style: none; color: #676767; background-color: #ffffff;\"><li style=\"border: 0px; font: inherit; vertical-align: baseline; list-style: outside disc;\">Google Analytics: Almacena\u00a0<em style=\"margin: 0px; padding: 0px; border: 0px; font-variant: inherit; font-weight: inherit; font-stretch: inherit; font-size: inherit; line-height: inherit; font-family: inherit; vertical-align: baseline;\">cookies<\/em>\u00a0para poder elaborar estad\u00edsticas sobre el tr\u00e1fico y volumen de visitas de esta web. Al utilizar este sitio web est\u00e1 consintiendo el tratamiento de informaci\u00f3n acerca de usted por Google. Por tanto, el ejercicio de cualquier derecho en este sentido deber\u00e1 hacerlo comunicando directamente con Google.<\/li><li style=\"border: 0px; font: inherit; vertical-align: baseline; list-style: outside disc;\">Redes sociales: Cada red social utiliza sus propias\u00a0<em style=\"margin: 0px; padding: 0px; border: 0px; font-variant: inherit; font-weight: inherit; font-stretch: inherit; font-size: inherit; line-height: inherit; font-family: inherit; vertical-align: baseline;\">cookies<\/em>\u00a0para que usted pueda pinchar en botones del tipo\u00a0<em style=\"margin: 0px; padding: 0px; border: 0px; font-variant: inherit; font-weight: inherit; font-stretch: inherit; font-size: inherit; line-height: inherit; font-family: inherit; vertical-align: baseline;\">Me gusta<\/em>\u00a0o\u00a0<em style=\"margin: 0px; padding: 0px; border: 0px; font-variant: inherit; font-weight: inherit; font-stretch: inherit; font-size: inherit; line-height: inherit; font-family: inherit; vertical-align: baseline;\">Compartir<\/em>.<\/li><\/ul><h2 style=\"margin-bottom: 7px; border: 0px; font-variant-numeric: inherit; font-variant-east-asian: inherit; font-weight: bold; font-stretch: inherit; font-size: 34px; line-height: 44px; font-family: Montserrat; vertical-align: baseline; color: #444444; letter-spacing: normal; -webkit-font-smoothing: antialiased; text-transform: none; background-color: #ffffff;\">Desactivaci\u00f3n o eliminaci\u00f3n de cookies<\/h2><p style=\"margin-bottom: 0px; padding-bottom: 27px; border: 0px; font-variant-numeric: inherit; font-variant-east-asian: inherit; font-stretch: inherit; font-size: 16px; line-height: inherit; font-family: Montserrat; vertical-align: baseline; -webkit-font-smoothing: antialiased; color: #676767; background-color: #ffffff;\">En cualquier momento podr\u00e1 ejercer su derecho de desactivaci\u00f3n o eliminaci\u00f3n de cookies de este sitio web. Estas acciones se realizan de forma diferente en funci\u00f3n del navegador que est\u00e9 usando.<\/p><h2 style=\"margin-bottom: 7px; border: 0px; font-variant-numeric: inherit; font-variant-east-asian: inherit; font-weight: bold; font-stretch: inherit; font-size: 34px; line-height: 44px; font-family: Montserrat; vertical-align: baseline; color: #444444; letter-spacing: normal; -webkit-font-smoothing: antialiased; text-transform: none; background-color: #ffffff;\">Notas adicionales<\/h2><ul style=\"margin-bottom: 30px; margin-left: 30px; padding-left: 0px; border: 0px; font-variant-numeric: inherit; font-variant-east-asian: inherit; font-stretch: inherit; font-size: 16px; line-height: inherit; font-family: Montserrat; vertical-align: baseline; list-style: none; color: #676767; background-color: #ffffff;\"><li style=\"border: 0px; font: inherit; vertical-align: baseline; list-style: outside disc;\">Ni esta web ni sus representantes legales se hacen responsables ni del contenido ni de la veracidad de las pol\u00edticas de privacidad que puedan tener los terceros mencionados en esta pol\u00edtica de\u00a0<em style=\"margin: 0px; padding: 0px; border: 0px; font-variant: inherit; font-weight: inherit; font-stretch: inherit; font-size: inherit; line-height: inherit; font-family: inherit; vertical-align: baseline;\">cookies<\/em>.<\/li><li style=\"border: 0px; font: inherit; vertical-align: baseline; list-style: outside disc;\">Los navegadores web son las herramientas encargadas de almacenar las\u00a0<em style=\"margin: 0px; padding: 0px; border: 0px; font-variant: inherit; font-weight: inherit; font-stretch: inherit; font-size: inherit; line-height: inherit; font-family: inherit; vertical-align: baseline;\">cookies<\/em>\u00a0y desde este lugar debe efectuar su derecho a eliminaci\u00f3n o desactivaci\u00f3n de las mismas. Ni esta web ni sus representantes legales pueden garantizar la correcta o incorrecta manipulaci\u00f3n de las\u00a0<em style=\"margin: 0px; padding: 0px; border: 0px; font-variant: inherit; font-weight: inherit; font-stretch: inherit; font-size: inherit; line-height: inherit; font-family: inherit; vertical-align: baseline;\">cookies<\/em>\u00a0por parte de los mencionados navegadores.<\/li><li style=\"border: 0px; font: inherit; vertical-align: baseline; list-style: outside disc;\">En algunos casos es necesario instalar\u00a0<em style=\"margin: 0px; padding: 0px; border: 0px; font-variant: inherit; font-weight: inherit; font-stretch: inherit; font-size: inherit; line-height: inherit; font-family: inherit; vertical-align: baseline;\">cookies<\/em>\u00a0para que el navegador no olvide su decisi\u00f3n de no aceptaci\u00f3n de las mismas.<\/li><li style=\"border: 0px; font: inherit; vertical-align: baseline; list-style: outside disc;\">En el caso de las\u00a0<em style=\"margin: 0px; padding: 0px; border: 0px; font-variant: inherit; font-weight: inherit; font-stretch: inherit; font-size: inherit; line-height: inherit; font-family: inherit; vertical-align: baseline;\">cookies<\/em>\u00a0de Google Analytics, esta empresa almacena las\u00a0<em style=\"margin: 0px; padding: 0px; border: 0px; font-variant: inherit; font-weight: inherit; font-stretch: inherit; font-size: inherit; line-height: inherit; font-family: inherit; vertical-align: baseline;\">cookies<\/em>\u00a0en servidores ubicados en Estados Unidos y se compromete a no compartirla con terceros, excepto en los casos en los que sea necesario para el funcionamiento del sistema o cuando la ley obligue a tal efecto. Seg\u00fan Google no guarda su direcci\u00f3n IP. Google Inc. es una compa\u00f1\u00eda adherida al Acuerdo de Puerto Seguro que garantiza que todos los datos transferidos ser\u00e1n tratados con un nivel de protecci\u00f3n acorde a la normativa europe. Si desea informaci\u00f3n sobre el uso que Google da a las cookies\u00a0<a style=\"margin: 0px; padding: 0px; border: 0px; font: inherit; vertical-align: baseline; color: #fa255e; transition: color 0.2s ease 0s;\" href=\"https:\/\/developers.google.com\/analytics\/devguides\/collection\/analyticsjs\/cookie-usage?hl=es&amp;csw=1\" target=\"_blank\" rel=\"noopener\">le adjuntamos este enlace<\/a>.<\/li><li style=\"border: 0px; font: inherit; vertical-align: baseline; list-style: outside disc;\">Para cualquier duda o consulta acerca de esta pol\u00edtica de\u00a0<em style=\"margin: 0px; padding: 0px; border: 0px; font-variant: inherit; font-weight: inherit; font-stretch: inherit; font-size: inherit; line-height: inherit; font-family: inherit; vertical-align: baseline;\">cookies<\/em>\u00a0no dude en comunicarse con nosotros a trav\u00e9s de la secci\u00f3n de contacto.<\/li><\/ul>\t\t\t\t\t\t\t\t<\/div>\n\t\t\t\t<\/div>\n\t\t\t\t\t<\/div>\n\t\t<\/div>\n\t\t\t\t\t<\/div>\n\t\t<\/section>\n\t\t\t\t<\/div>\n\t\t","protected":false},"excerpt":{"rendered":"<p>Pol\u00edtica de cookies Una\u00a0cookie\u00a0es un peque\u00f1o fichero de texto que se almacena en su navegador cuando visita casi cualquier p\u00e1gina web. Su utilidad es que la web sea capaz de recordar su visita cuando vuelva a navegar por esa p\u00e1gina. Las\u00a0cookies\u00a0suelen almacenar informaci\u00f3n de car\u00e1cter t\u00e9cnico, preferencias personales, personalizaci\u00f3n de contenidos, estad\u00edsticas de uso, enlaces&hellip;&nbsp;<a href=\"https:\/\/pre.auditoriumpalma.com\/es\/politica-de-cookies\/\" class=\"\" rel=\"bookmark\">Leer m\u00e1s &raquo;<span class=\"screen-reader-text\">Pol\u00edtica de cookies<\/span><\/a><\/p>\n","protected":false},"author":1,"featured_media":0,"parent":0,"menu_order":0,"comment_status":"closed","ping_status":"closed","template":"page-templates\/template-pagebuilder-full-width.php","meta":{"_acf_changed":false,"neve_meta_sidebar":"","neve_meta_container":"","neve_meta_enable_content_width":"","neve_meta_content_width":0,"neve_meta_title_alignment":"","neve_meta_author_avatar":"","neve_post_elements_order":"","neve_meta_disable_header":"","neve_meta_disable_footer":"","neve_meta_disable_title":"","footnotes":""},"class_list":["post-68","page","type-page","status-publish","hentry"],"acf":[],"_links":{"self":[{"href":"https:\/\/pre.auditoriumpalma.com\/es\/wp-json\/wp\/v2\/pages\/68","targetHints":{"allow":["GET"]}}],"collection":[{"href":"https:\/\/pre.auditoriumpalma.com\/es\/wp-json\/wp\/v2\/pages"}],"about":[{"href":"https:\/\/pre.auditoriumpalma.com\/es\/wp-json\/wp\/v2\/types\/page"}],"author":[{"embeddable":true,"href":"https:\/\/pre.auditoriumpalma.com\/es\/wp-json\/wp\/v2\/users\/1"}],"replies":[{"embeddable":true,"href":"https:\/\/pre.auditoriumpalma.com\/es\/wp-json\/wp\/v2\/comments?post=68"}],"version-history":[{"count":16,"href":"https:\/\/pre.auditoriumpalma.com\/es\/wp-json\/wp\/v2\/pages\/68\/revisions"}],"predecessor-version":[{"id":2180,"href":"https:\/\/pre.auditoriumpalma.com\/es\/wp-json\/wp\/v2\/pages\/68\/revisions\/2180"}],"wp:attachment":[{"href":"https:\/\/pre.auditoriumpalma.com\/es\/wp-json\/wp\/v2\/media?parent=68"}],"curies":[{"name":"wp","href":"https:\/\/api.w.org\/{rel}","templated":true}]}}