{"id":70,"date":"2021-12-23T15:25:36","date_gmt":"2021-12-23T15:25:36","guid":{"rendered":"http:\/\/auditoriumpalma.ximodev.com\/?page_id=70"},"modified":"2025-02-21T16:52:22","modified_gmt":"2025-02-21T15:52:22","slug":"politica-de-privacidad","status":"publish","type":"page","link":"https:\/\/pre.auditoriumpalma.com\/es\/politica-de-privacidad\/","title":{"rendered":"Pol\u00edtica de privacidad"},"content":{"rendered":"\t\t<div data-elementor-type=\"wp-page\" data-elementor-id=\"70\" class=\"elementor elementor-70\" data-elementor-post-type=\"page\">\n\t\t\t\t\t\t<section class=\"elementor-section elementor-top-section elementor-element elementor-element-d547929 elementor-section-boxed elementor-section-height-default elementor-section-height-default\" data-id=\"d547929\" data-element_type=\"section\">\n\t\t\t\t\t\t<div class=\"elementor-container elementor-column-gap-default\">\n\t\t\t\t\t<div class=\"elementor-column elementor-col-100 elementor-top-column elementor-element elementor-element-4a60983\" data-id=\"4a60983\" data-element_type=\"column\">\n\t\t\t<div class=\"elementor-widget-wrap elementor-element-populated\">\n\t\t\t\t\t\t<div class=\"elementor-element elementor-element-fe1bf4c elementor-widget elementor-widget-text-editor\" data-id=\"fe1bf4c\" data-element_type=\"widget\" data-widget_type=\"text-editor.default\">\n\t\t\t\t<div class=\"elementor-widget-container\">\n\t\t\t\t\t\t\t\t\t<h1 style=\"margin-bottom: 7px; border: 0px; font-variant-numeric: inherit; font-variant-east-asian: inherit; font-weight: 600; font-stretch: inherit; font-size: 42px; line-height: 42px; font-family: Lovelo, sans-serif; vertical-align: baseline; color: #444444; letter-spacing: normal; -webkit-font-smoothing: antialiased; text-transform: none; background-color: #ffffff;\">Qui\u00e9nes somos<\/h1>\n<p style=\"margin-bottom: 0px; padding-bottom: 27px; border: 0px; font-variant-numeric: inherit; font-variant-east-asian: inherit; font-stretch: inherit; font-size: 16px; line-height: inherit; font-family: Montserrat; vertical-align: baseline; -webkit-font-smoothing: antialiased; color: #676767; background-color: #ffffff;\">La direcci\u00f3n de nuestra web es: https:\/\/auditoriumpalma.com.<\/p>\n<p style=\"margin-bottom: 0px; padding-bottom: 27px; border: 0px; font-variant-numeric: inherit; font-variant-east-asian: inherit; font-stretch: inherit; font-size: 16px; line-height: inherit; font-family: Montserrat; vertical-align: baseline; -webkit-font-smoothing: antialiased; color: #676767; background-color: #ffffff;\"><span style=\"margin: 0px; padding: 0px; border: 0px; font-style: inherit; font-variant: inherit; font-weight: 600; font-stretch: inherit; font-size: inherit; line-height: inherit; vertical-align: baseline;\">A los efectos de lo dispuesto en el art. 13 y el art. 14del RGPD se le facilita la siguiente informaci\u00f3n:<\/span><\/p>\n<p style=\"margin-bottom: 0px; padding-bottom: 27px; border: 0px; font-variant-numeric: inherit; font-variant-east-asian: inherit; font-stretch: inherit; font-size: 16px; line-height: inherit; font-family: Montserrat; vertical-align: baseline; -webkit-font-smoothing: antialiased; color: #676767; background-color: #ffffff;\">De conformidad con el art. 13 y 14 del RGPD se le facilita la siguiente informaci\u00f3n:<\/p>\n<p style=\"margin-bottom: 0px; padding-bottom: 27px; border: 0px; font-variant-numeric: inherit; font-variant-east-asian: inherit; font-stretch: inherit; font-size: 16px; line-height: inherit; font-family: Montserrat; vertical-align: baseline; -webkit-font-smoothing: antialiased; color: #676767; background-color: #ffffff;\"><span style=\"margin: 0px; padding: 0px; border: 0px; font-style: inherit; font-variant: inherit; font-weight: 600; font-stretch: inherit; font-size: inherit; line-height: inherit; vertical-align: baseline;\">Responsable:<\/span>&nbsp;Auditorium de Palma de Mallorca, S.L.<\/p>\n<p style=\"margin-bottom: 0px; padding-bottom: 27px; border: 0px; font-variant-numeric: inherit; font-variant-east-asian: inherit; font-stretch: inherit; font-size: 16px; line-height: inherit; font-family: Montserrat; vertical-align: baseline; -webkit-font-smoothing: antialiased; color: #676767; background-color: #ffffff;\"><span style=\"margin: 0px; padding: 0px; border: 0px; font-style: inherit; font-variant: inherit; font-weight: 600; font-stretch: inherit; font-size: inherit; line-height: inherit; vertical-align: baseline;\">NIF:&nbsp;<\/span>B72831308<\/p>\n<p style=\"margin-bottom: 0px; padding-bottom: 27px; border: 0px; font-variant-numeric: inherit; font-variant-east-asian: inherit; font-stretch: inherit; font-size: 16px; line-height: inherit; font-family: Montserrat; vertical-align: baseline; -webkit-font-smoothing: antialiased; color: #676767; background-color: #ffffff;\"><span style=\"margin: 0px; padding: 0px; border: 0px; font-style: inherit; font-variant: inherit; font-weight: 600; font-stretch: inherit; font-size: inherit; line-height: inherit; vertical-align: baseline;\">Direcci\u00f3n:<\/span>&nbsp;Calle Federico Garc\u00eda Lorca 1 \u2013 07014 \u2013 Palma de Mallorca \u2013 Baleares<\/p>\n<p style=\"margin-bottom: 0px; padding-bottom: 27px; border: 0px; font-variant-numeric: inherit; font-variant-east-asian: inherit; font-stretch: inherit; font-size: 16px; line-height: inherit; font-family: Montserrat; vertical-align: baseline; -webkit-font-smoothing: antialiased; color: #676767; background-color: #ffffff;\"><span style=\"margin: 0px; padding: 0px; border: 0px; font-style: inherit; font-variant: inherit; font-weight: 600; font-stretch: inherit; font-size: inherit; line-height: inherit; vertical-align: baseline;\">Tel\u00e9fono: <\/span><span style=\"margin: 0px; padding: 0px; border: 0px; font-style: inherit; font-variant: inherit; font-stretch: inherit; font-size: inherit; line-height: inherit; vertical-align: baseline;\">971 735 328<\/span><\/p>\n<p style=\"margin-bottom: 0px; padding-bottom: 27px; border: 0px; font-variant-numeric: inherit; font-variant-east-asian: inherit; font-stretch: inherit; font-size: 16px; line-height: inherit; font-family: Montserrat; vertical-align: baseline; -webkit-font-smoothing: antialiased; color: #676767; background-color: #ffffff;\"><span style=\"margin: 0px; padding: 0px; border: 0px; font-style: inherit; font-variant: inherit; font-weight: 600; font-stretch: inherit; font-size: inherit; line-height: inherit; vertical-align: baseline;\">Correo Electr\u00f3nico:<\/span>&nbsp;info@auditoriumpalma.com<\/p>\n<h2 style=\"margin-bottom: 7px; border: 0px; font-variant-numeric: inherit; font-variant-east-asian: inherit; font-weight: bold; font-stretch: inherit; font-size: 34px; line-height: 44px; font-family: Montserrat; vertical-align: baseline; color: #444444; letter-spacing: normal; -webkit-font-smoothing: antialiased; text-transform: none; background-color: #ffffff;\">Qu\u00e9 datos personales recogemos y por qu\u00e9 los recogemos<\/h2>\n<h3 style=\"margin-bottom: 7px; border: 0px; font-variant-numeric: inherit; font-variant-east-asian: inherit; font-weight: bold; font-stretch: inherit; font-size: 24px; line-height: 28px; font-family: Montserrat; vertical-align: baseline; color: #444444; letter-spacing: normal; -webkit-font-smoothing: antialiased; text-transform: none; background-color: #ffffff;\">Formularios de contacto<\/h3>\n<h3 style=\"margin-bottom: 7px; border: 0px; font-variant-numeric: inherit; font-variant-east-asian: inherit; font-weight: bold; font-stretch: inherit; font-size: 24px; line-height: 28px; font-family: Montserrat; vertical-align: baseline; color: #444444; letter-spacing: normal; -webkit-font-smoothing: antialiased; text-transform: none; background-color: #ffffff;\">Cookies<\/h3>\n<p style=\"margin-bottom: 0px; padding-bottom: 27px; border: 0px; font-variant-numeric: inherit; font-variant-east-asian: inherit; font-stretch: inherit; font-size: 16px; line-height: inherit; font-family: Montserrat; vertical-align: baseline; -webkit-font-smoothing: antialiased; color: #676767; background-color: #ffffff;\">Si dejas un comentario en nuestro sitio puedes elegir guardar tu nombre, direcci\u00f3n de correo electr\u00f3nico y web en cookies. Esto es para tu comodidad, para que no tengas que volver a rellenar tus datos cuando dejes otro comentario. Estas cookies tendr\u00e1n una duraci\u00f3n de un a\u00f1o.<\/p>\n<p style=\"margin-bottom: 0px; padding-bottom: 27px; border: 0px; font-variant-numeric: inherit; font-variant-east-asian: inherit; font-stretch: inherit; font-size: 16px; line-height: inherit; font-family: Montserrat; vertical-align: baseline; -webkit-font-smoothing: antialiased; color: #676767; background-color: #ffffff;\">Si tienes una cuenta y te conectas a este sitio, instalaremos una cookie temporal para determinar si tu navegador acepta cookies. Esta cookie no contiene datos personales y se elimina al cerrar el navegador.<\/p>\n<p style=\"margin-bottom: 0px; padding-bottom: 27px; border: 0px; font-variant-numeric: inherit; font-variant-east-asian: inherit; font-stretch: inherit; font-size: 16px; line-height: inherit; font-family: Montserrat; vertical-align: baseline; -webkit-font-smoothing: antialiased; color: #676767; background-color: #ffffff;\">Cuando inicias sesi\u00f3n, tambi\u00e9n instalaremos varias cookies para guardar tu informaci\u00f3n de inicio de sesi\u00f3n y tus opciones de visualizaci\u00f3n de pantalla. Las cookies de inicio de sesi\u00f3n duran dos d\u00edas, y las cookies de opciones de pantalla duran un a\u00f1o. Si seleccionas \u201cRecordarme\u201d, tu inicio de sesi\u00f3n perdurar\u00e1 durante dos semanas. Si sales de tu cuenta, las cookies de inicio de sesi\u00f3n se eliminar\u00e1n.<\/p>\n<p style=\"margin-bottom: 0px; padding-bottom: 27px; border: 0px; font-variant-numeric: inherit; font-variant-east-asian: inherit; font-stretch: inherit; font-size: 16px; line-height: inherit; font-family: Montserrat; vertical-align: baseline; -webkit-font-smoothing: antialiased; color: #676767; background-color: #ffffff;\">Si editas o publicas un art\u00edculo se guardar\u00e1 una cookie adicional en tu navegador. Esta cookie no incluye datos personales y simplemente indica el ID del art\u00edculo que acabas de editar. Caduca despu\u00e9s de 1 d\u00eda.<\/p>\n<h3 style=\"margin-bottom: 7px; border: 0px; font-variant-numeric: inherit; font-variant-east-asian: inherit; font-weight: bold; font-stretch: inherit; font-size: 24px; line-height: 28px; font-family: Montserrat; vertical-align: baseline; color: #444444; letter-spacing: normal; -webkit-font-smoothing: antialiased; text-transform: none; background-color: #ffffff;\">Contenido incrustado de otros sitios web<\/h3>\n<p style=\"margin-bottom: 0px; padding-bottom: 27px; border: 0px; font-variant-numeric: inherit; font-variant-east-asian: inherit; font-stretch: inherit; font-size: 16px; line-height: inherit; font-family: Montserrat; vertical-align: baseline; -webkit-font-smoothing: antialiased; color: #676767; background-color: #ffffff;\">Los art\u00edculos de este sitio pueden incluir contenido incrustado (por ejemplo, v\u00eddeos, im\u00e1genes, art\u00edculos, etc.). El contenido incrustado de otras web se comporta exactamente de la misma manera que si el visitante hubiera visitado la otra web.<\/p>\n<p style=\"margin-bottom: 0px; padding-bottom: 27px; border: 0px; font-variant-numeric: inherit; font-variant-east-asian: inherit; font-stretch: inherit; font-size: 16px; line-height: inherit; font-family: Montserrat; vertical-align: baseline; -webkit-font-smoothing: antialiased; color: #676767; background-color: #ffffff;\">Estas web pueden recopilar datos sobre ti, utilizar cookies, incrustar un seguimiento adicional de terceros, y supervisar tu interacci\u00f3n con ese contenido incrustado, incluido el seguimiento de tu interacci\u00f3n con el contenido incrustado si tienes una cuenta y est\u00e1s conectado a esa web.<\/p>\n<h3 style=\"margin-bottom: 7px; border: 0px; font-variant-numeric: inherit; font-variant-east-asian: inherit; font-weight: bold; font-stretch: inherit; font-size: 24px; line-height: 28px; font-family: Montserrat; vertical-align: baseline; color: #444444; letter-spacing: normal; -webkit-font-smoothing: antialiased; text-transform: none; background-color: #ffffff;\">Anal\u00edtica<\/h3>\n<h2 style=\"margin-bottom: 7px; border: 0px; font-variant-numeric: inherit; font-variant-east-asian: inherit; font-weight: bold; font-stretch: inherit; font-size: 34px; line-height: 44px; font-family: Montserrat; vertical-align: baseline; color: #444444; letter-spacing: normal; -webkit-font-smoothing: antialiased; text-transform: none; background-color: #ffffff;\">Con qui\u00e9n compartimos tus datos<\/h2>\n<h2 style=\"margin-bottom: 7px; border: 0px; font-variant-numeric: inherit; font-variant-east-asian: inherit; font-weight: bold; font-stretch: inherit; font-size: 34px; line-height: 44px; font-family: Montserrat; vertical-align: baseline; color: #444444; letter-spacing: normal; -webkit-font-smoothing: antialiased; text-transform: none; background-color: #ffffff;\">Cu\u00e1nto tiempo conservamos tus datos<\/h2>\n<p style=\"margin-bottom: 0px; padding-bottom: 27px; border: 0px; font-variant-numeric: inherit; font-variant-east-asian: inherit; font-stretch: inherit; font-size: 16px; line-height: inherit; font-family: Montserrat; vertical-align: baseline; -webkit-font-smoothing: antialiased; color: #676767; background-color: #ffffff;\">Si dejas un comentario, el comentario y sus metadatos se conservan indefinidamente. Esto es para que podamos reconocer y aprobar comentarios sucesivos autom\u00e1ticamente en lugar de mantenerlos en una cola de moderaci\u00f3n.<\/p>\n<p style=\"margin-bottom: 0px; padding-bottom: 27px; border: 0px; font-variant-numeric: inherit; font-variant-east-asian: inherit; font-stretch: inherit; font-size: 16px; line-height: inherit; font-family: Montserrat; vertical-align: baseline; -webkit-font-smoothing: antialiased; color: #676767; background-color: #ffffff;\">De los usuarios que se registran en nuestra web (si los hay), tambi\u00e9n almacenamos la informaci\u00f3n personal que proporcionan en su perfil de usuario. Todos los usuarios pueden ver, editar o eliminar su informaci\u00f3n personal en cualquier momento (excepto que no pueden cambiar su nombre de usuario). Los administradores de la web tambi\u00e9n pueden ver y editar esa informaci\u00f3n.<\/p>\n<h2 style=\"margin-bottom: 7px; border: 0px; font-variant-numeric: inherit; font-variant-east-asian: inherit; font-weight: bold; font-stretch: inherit; font-size: 34px; line-height: 44px; font-family: Montserrat; vertical-align: baseline; color: #444444; letter-spacing: normal; -webkit-font-smoothing: antialiased; text-transform: none; background-color: #ffffff;\">Qu\u00e9 derechos tienes sobre tus datos<\/h2>\n<p style=\"margin-bottom: 0px; padding-bottom: 27px; border: 0px; font-variant-numeric: inherit; font-variant-east-asian: inherit; font-stretch: inherit; font-size: 16px; line-height: inherit; font-family: Montserrat; vertical-align: baseline; -webkit-font-smoothing: antialiased; color: #676767; background-color: #ffffff;\">Si tienes una cuenta o has dejado comentarios en esta web, puedes solicitar recibir un archivo de exportaci\u00f3n de los datos personales que tenemos sobre ti, incluyendo cualquier dato que nos hayas proporcionado. Tambi\u00e9n puedes solicitar que eliminemos cualquier dato personal que tengamos sobre ti. Esto no incluye ning\u00fan dato que estemos obligados a conservar con fines administrativos, legales o de seguridad.<\/p>\n<h2 style=\"margin-bottom: 7px; border: 0px; font-variant-numeric: inherit; font-variant-east-asian: inherit; font-weight: bold; font-stretch: inherit; font-size: 34px; line-height: 44px; font-family: Montserrat; vertical-align: baseline; color: #444444; letter-spacing: normal; -webkit-font-smoothing: antialiased; text-transform: none; background-color: #ffffff;\">D\u00f3nde enviamos tus datos<\/h2>\n<p style=\"margin-bottom: 0px; padding-bottom: 27px; border: 0px; font-variant-numeric: inherit; font-variant-east-asian: inherit; font-stretch: inherit; font-size: 16px; line-height: inherit; font-family: Montserrat; vertical-align: baseline; -webkit-font-smoothing: antialiased; color: #676767; background-color: #ffffff;\">Los comentarios de los visitantes puede que los revise un servicio de detecci\u00f3n autom\u00e1tica de spam.<\/p>\n<h2 style=\"margin-bottom: 7px; border: 0px; font-variant-numeric: inherit; font-variant-east-asian: inherit; font-weight: bold; font-stretch: inherit; font-size: 34px; line-height: 44px; font-family: Montserrat; vertical-align: baseline; color: #444444; letter-spacing: normal; -webkit-font-smoothing: antialiased; text-transform: none; background-color: #ffffff;\"><span style=\"margin: 0px; padding: 0px; border: 0px; font-style: inherit; font-variant: inherit; font-stretch: inherit; font-size: inherit; line-height: inherit; vertical-align: baseline;\">Legitimaci\u00f3n<\/span><\/h2>\n<p style=\"margin-bottom: 0px; padding-bottom: 27px; border: 0px; font-variant-numeric: inherit; font-variant-east-asian: inherit; font-stretch: inherit; font-size: 16px; line-height: inherit; font-family: Montserrat; vertical-align: baseline; -webkit-font-smoothing: antialiased; color: #676767; background-color: #ffffff;\">La base&nbsp; legal para el tratamiento de sus datos es la ejecuci\u00f3n del contrato mediante la compra del producto y\/o servicio de conformidad con el C\u00f3digo de Comercio y C\u00f3digo&nbsp; Civil. Resulta de aplicaci\u00f3n la Ley de Servicios de Sociedad de la Informaci\u00f3n 34\/2002, art\u00edculos 20 y 21, para el env\u00edo de ofertas comerciales mediante&nbsp; telecomunicaciones. La oferta prospectiva de productos y servicios est\u00e1 basada en el consentimiento que se le solicita sin que en ning\u00fan caso la retirada de este&nbsp; consentimiento condicione el contrato de adquisici\u00f3n de producto y\/o prestaci\u00f3n de servicio. Existe la obligaci\u00f3n de facilitar los datos de car\u00e1cter personal o, en caso&nbsp; contrario, no se puede prestar el servicio y\/o vender el producto y\/o facilitar la oferta solicitada y gestionar el env\u00edo de informaci\u00f3n comercial.<\/p>\n<p style=\"margin-bottom: 0px; padding-bottom: 27px; border: 0px; font-variant-numeric: inherit; font-variant-east-asian: inherit; font-stretch: inherit; font-size: 16px; line-height: inherit; font-family: Montserrat; vertical-align: baseline; -webkit-font-smoothing: antialiased; color: #676767; background-color: #ffffff;\">\n<\/p><p style=\"margin-bottom: 0px; padding-bottom: 27px; border: 0px; font-variant-numeric: inherit; font-variant-east-asian: inherit; font-stretch: inherit; font-size: 16px; line-height: inherit; font-family: Montserrat; vertical-align: baseline; -webkit-font-smoothing: antialiased; color: #676767; background-color: #ffffff;\"><em style=\"margin: 0px; padding: 0px; border: 0px; font-variant: inherit; font-weight: inherit; font-stretch: inherit; font-size: inherit; line-height: inherit; font-family: inherit; vertical-align: baseline;\">La pol\u00edtica de privacidad ha sido actualizada a fecha 1\/4\/2023<\/em><\/p>\t\t\t\t\t\t\t\t<\/div>\n\t\t\t\t<\/div>\n\t\t\t\t\t<\/div>\n\t\t<\/div>\n\t\t\t\t\t<\/div>\n\t\t<\/section>\n\t\t\t\t<\/div>\n\t\t","protected":false},"excerpt":{"rendered":"<p>Qui\u00e9nes somos La direcci\u00f3n de nuestra web es: https:\/\/auditoriumpalma.com. A los efectos de lo dispuesto en el art. 13 y el art. 14del RGPD se le facilita la siguiente informaci\u00f3n: De conformidad con el art. 13 y 14 del RGPD se le facilita la siguiente informaci\u00f3n: Responsable:&nbsp;Auditorium de Palma de Mallorca, S.L. NIF:&nbsp;B72831308 Direcci\u00f3n:&nbsp;Calle Federico&hellip;&nbsp;<a href=\"https:\/\/pre.auditoriumpalma.com\/es\/politica-de-privacidad\/\" class=\"\" rel=\"bookmark\">Leer m\u00e1s &raquo;<span class=\"screen-reader-text\">Pol\u00edtica de privacidad<\/span><\/a><\/p>\n","protected":false},"author":1,"featured_media":0,"parent":0,"menu_order":0,"comment_status":"closed","ping_status":"closed","template":"page-templates\/template-pagebuilder-full-width.php","meta":{"_acf_changed":false,"neve_meta_sidebar":"","neve_meta_container":"","neve_meta_enable_content_width":"","neve_meta_content_width":0,"neve_meta_title_alignment":"","neve_meta_author_avatar":"","neve_post_elements_order":"","neve_meta_disable_header":"","neve_meta_disable_footer":"","neve_meta_disable_title":"","footnotes":""},"class_list":["post-70","page","type-page","status-publish","hentry"],"acf":[],"_links":{"self":[{"href":"https:\/\/pre.auditoriumpalma.com\/es\/wp-json\/wp\/v2\/pages\/70","targetHints":{"allow":["GET"]}}],"collection":[{"href":"https:\/\/pre.auditoriumpalma.com\/es\/wp-json\/wp\/v2\/pages"}],"about":[{"href":"https:\/\/pre.auditoriumpalma.com\/es\/wp-json\/wp\/v2\/types\/page"}],"author":[{"embeddable":true,"href":"https:\/\/pre.auditoriumpalma.com\/es\/wp-json\/wp\/v2\/users\/1"}],"replies":[{"embeddable":true,"href":"https:\/\/pre.auditoriumpalma.com\/es\/wp-json\/wp\/v2\/comments?post=70"}],"version-history":[{"count":13,"href":"https:\/\/pre.auditoriumpalma.com\/es\/wp-json\/wp\/v2\/pages\/70\/revisions"}],"predecessor-version":[{"id":3024,"href":"https:\/\/pre.auditoriumpalma.com\/es\/wp-json\/wp\/v2\/pages\/70\/revisions\/3024"}],"wp:attachment":[{"href":"https:\/\/pre.auditoriumpalma.com\/es\/wp-json\/wp\/v2\/media?parent=70"}],"curies":[{"name":"wp","href":"https:\/\/api.w.org\/{rel}","templated":true}]}}